{"id":1480,"date":"2021-02-23T19:26:58","date_gmt":"2021-02-23T17:26:58","guid":{"rendered":"http:\/\/bu2022.vasaorden.com\/goteborg\/?page_id=1480"},"modified":"2026-03-30T17:52:55","modified_gmt":"2026-03-30T15:52:55","slug":"arsprogram-2022","status":"publish","type":"page","link":"https:\/\/vasaorden.com\/goteborg\/arsprogram-2022\/","title":{"rendered":"\u00c5rsprogram f\u00f6r 2026"},"content":{"rendered":"\n<div class=\"wp-block-media-text is-stacked-on-mobile\" style=\"grid-template-columns:18% auto\"><figure class=\"wp-block-media-text__media\"><img loading=\"lazy\" width=\"231\" height=\"300\" src=\"https:\/\/vasaorden.com\/goteborg\/wp-content\/uploads\/sites\/2\/2021\/02\/Bild2-231x300.jpg\" alt=\"\" class=\"wp-image-1481 size-full\" srcset=\"https:\/\/vasaorden.com\/goteborg\/wp-content\/uploads\/sites\/2\/2021\/02\/Bild2-231x300.jpg 231w, https:\/\/vasaorden.com\/goteborg\/wp-content\/uploads\/sites\/2\/2021\/02\/Bild2-789x1024.jpg 789w, https:\/\/vasaorden.com\/goteborg\/wp-content\/uploads\/sites\/2\/2021\/02\/Bild2-768x997.jpg 768w, https:\/\/vasaorden.com\/goteborg\/wp-content\/uploads\/sites\/2\/2021\/02\/Bild2.jpg 909w\" sizes=\"(max-width: 231px) 100vw, 231px\" \/><\/figure><div class=\"wp-block-media-text__content\">\n<h4>Prelimin\u00e4rt program 2026<\/h4>\n\n\n\n<h4 class=\"has-medium-font-size\">Logem\u00f6ten och Kulturaktiviteter<\/h4>\n\n\n\n<h2><\/h2>\n\n\n\n<h4>M\u00f6teslokal om ingen annan plats anges<\/h4>\n\n\n\n<h5>Handelsbolaget Ordenshuset<br>Bellmansgatan 7-9<br>411 28 G\u00f6teborg<\/h5>\n<\/div><\/div>\n\n\n\n<p><\/p>\n\n\n\n<ul class=\"has-small-font-size\"><li><em>\u00c5rsm\u00f6te s\u00f6ndagen 25 januari 2026<\/em><\/li><li><em>Logem\u00f6te s\u00f6ndagen 1 mars<\/em> Inst\u00e4llt<\/li><li><em>Kulturaktivitet l\u00f6rdagen 14 mars, bes\u00f6k Aeroseum flygmuseum, S\u00e4ve Dep\u00e5<\/em><\/li><li><em>Gemensamt logem\u00f6te l\u00f6rdagen 21 mars Logen Kongah\u00e4lla nr 702 i Kung\u00e4l<\/em>v<strong> <\/strong><\/li><li><strong>Logem\u00f6te s\u00f6ndagen 12 april<\/strong><\/li><li><strong><a href=\"https:\/\/vasaorden.com\/goteborg\/wp-content\/uploads\/sites\/2\/2026\/03\/Inbjudan-Visans-vanner-26.pdf\" data-type=\"attachment\" data-id=\"3015\">Kulturaktivitet onsdagen 15 april &#8211; Visans V\u00e4nner<\/a><\/strong><\/li><li><strong>Logem\u00f6te s\u00f6ndagen 13 september<\/strong><\/li><li><strong>Logem\u00f6te s\u00f6ndagen 25 oktober<\/strong><\/li><li><strong>Logem\u00f6te i november, \u00e5terkommer<\/strong><\/li><li><strong>Julbord i december, \u00e5terkommer<\/strong><br><\/li><li><strong>\u00c5rsm\u00f6te s\u00f6ndagen 31 januari 2027<\/strong><\/li><\/ul>\n\n\n\n<p> <\/p>\n\n\n\n<p><\/p>\n\n\n\n<p><span style=\"font-size: revert;\">Uppdaterad 2026-03-<\/span>30<\/p>\n\n\n\n<p><\/p>\n","protected":false},"excerpt":{"rendered":"<p>Prelimin\u00e4rt program 2026 Logem\u00f6ten och Kulturaktiviteter M\u00f6teslokal om ingen annan plats anges Handelsbolaget OrdenshusetBellmansgatan 7-9411 28 G\u00f6teborg \u00c5rsm\u00f6te s\u00f6ndagen 25 januari 2026 Logem\u00f6te s\u00f6ndagen 1 mars Inst\u00e4llt Kulturaktivitet l\u00f6rdagen 14 mars, bes\u00f6k Aeroseum flygmuseum, S\u00e4ve Dep\u00e5 Gemensamt logem\u00f6te l\u00f6rdagen 21 mars Logen Kongah\u00e4lla nr 702 i Kung\u00e4lv Logem\u00f6te s\u00f6ndagen 12 april Kulturaktivitet onsdagen 15 april [&hellip;]<\/p>\n","protected":false},"author":5,"featured_media":0,"parent":0,"menu_order":0,"comment_status":"closed","ping_status":"closed","template":"","meta":{"ngg_post_thumbnail":0,"ocean_post_layout":"","ocean_both_sidebars_style":"","ocean_both_sidebars_content_width":0,"ocean_both_sidebars_sidebars_width":0,"ocean_sidebar":"0","ocean_second_sidebar":"0","ocean_disable_margins":"enable","ocean_add_body_class":"","ocean_shortcode_before_top_bar":"","ocean_shortcode_after_top_bar":"","ocean_shortcode_before_header":"","ocean_shortcode_after_header":"","ocean_has_shortcode":"","ocean_shortcode_after_title":"","ocean_shortcode_before_footer_widgets":"","ocean_shortcode_after_footer_widgets":"","ocean_shortcode_before_footer_bottom":"","ocean_shortcode_after_footer_bottom":"","ocean_display_top_bar":"default","ocean_display_header":"default","ocean_header_style":"","ocean_center_header_left_menu":"0","ocean_custom_header_template":"0","ocean_custom_logo":0,"ocean_custom_retina_logo":0,"ocean_custom_logo_max_width":0,"ocean_custom_logo_tablet_max_width":0,"ocean_custom_logo_mobile_max_width":0,"ocean_custom_logo_max_height":0,"ocean_custom_logo_tablet_max_height":0,"ocean_custom_logo_mobile_max_height":0,"ocean_header_custom_menu":"0","ocean_menu_typo_font_family":"0","ocean_menu_typo_font_subset":"","ocean_menu_typo_font_size":0,"ocean_menu_typo_font_size_tablet":0,"ocean_menu_typo_font_size_mobile":0,"ocean_menu_typo_font_size_unit":"px","ocean_menu_typo_font_weight":"","ocean_menu_typo_font_weight_tablet":"","ocean_menu_typo_font_weight_mobile":"","ocean_menu_typo_transform":"","ocean_menu_typo_transform_tablet":"","ocean_menu_typo_transform_mobile":"","ocean_menu_typo_line_height":0,"ocean_menu_typo_line_height_tablet":0,"ocean_menu_typo_line_height_mobile":0,"ocean_menu_typo_line_height_unit":"","ocean_menu_typo_spacing":0,"ocean_menu_typo_spacing_tablet":0,"ocean_menu_typo_spacing_mobile":0,"ocean_menu_typo_spacing_unit":"","ocean_menu_link_color":"","ocean_menu_link_color_hover":"","ocean_menu_link_color_active":"","ocean_menu_link_background":"","ocean_menu_link_hover_background":"","ocean_menu_link_active_background":"","ocean_menu_social_links_bg":"","ocean_menu_social_hover_links_bg":"","ocean_menu_social_links_color":"","ocean_menu_social_hover_links_color":"","ocean_disable_title":"default","ocean_disable_heading":"default","ocean_post_title":"","ocean_post_subheading":"","ocean_post_title_style":"","ocean_post_title_background_color":"","ocean_post_title_background":0,"ocean_post_title_bg_image_position":"","ocean_post_title_bg_image_attachment":"","ocean_post_title_bg_image_repeat":"","ocean_post_title_bg_image_size":"","ocean_post_title_height":0,"ocean_post_title_bg_overlay":0.5,"ocean_post_title_bg_overlay_color":"","ocean_disable_breadcrumbs":"default","ocean_breadcrumbs_color":"","ocean_breadcrumbs_separator_color":"","ocean_breadcrumbs_links_color":"","ocean_breadcrumbs_links_hover_color":"","ocean_display_footer_widgets":"default","ocean_display_footer_bottom":"default","ocean_custom_footer_template":"0"},"_links":{"self":[{"href":"https:\/\/vasaorden.com\/goteborg\/wp-json\/wp\/v2\/pages\/1480"}],"collection":[{"href":"https:\/\/vasaorden.com\/goteborg\/wp-json\/wp\/v2\/pages"}],"about":[{"href":"https:\/\/vasaorden.com\/goteborg\/wp-json\/wp\/v2\/types\/page"}],"author":[{"embeddable":true,"href":"https:\/\/vasaorden.com\/goteborg\/wp-json\/wp\/v2\/users\/5"}],"replies":[{"embeddable":true,"href":"https:\/\/vasaorden.com\/goteborg\/wp-json\/wp\/v2\/comments?post=1480"}],"version-history":[{"count":100,"href":"https:\/\/vasaorden.com\/goteborg\/wp-json\/wp\/v2\/pages\/1480\/revisions"}],"predecessor-version":[{"id":3018,"href":"https:\/\/vasaorden.com\/goteborg\/wp-json\/wp\/v2\/pages\/1480\/revisions\/3018"}],"wp:attachment":[{"href":"https:\/\/vasaorden.com\/goteborg\/wp-json\/wp\/v2\/media?parent=1480"}],"curies":[{"name":"wp","href":"https:\/\/api.w.org\/{rel}","templated":true}]}}