{"id":1467,"date":"2021-02-23T18:16:14","date_gmt":"2021-02-23T16:16:14","guid":{"rendered":"http:\/\/bu2022.vasaorden.com\/goteborg\/?page_id=1467"},"modified":"2022-09-04T20:08:40","modified_gmt":"2022-09-04T18:08:40","slug":"handelser-ar-2012","status":"publish","type":"page","link":"https:\/\/vasaorden.com\/goteborg\/handelser-ar-2012\/","title":{"rendered":"H\u00e4ndelser \u00e5r 2012"},"content":{"rendered":"\n<p><br><strong>Nyhetsblad 2012<\/strong><\/p>\n\n\n\n<figure class=\"wp-block-image\"><a href=\"https:\/\/vasaorden.com\/goteborg\/wp-content\/uploads\/sites\/2\/2012\/02\/rubrikbild_1_1_20121.jpg\"><img src=\"https:\/\/vasaorden.com\/goteborg\/wp-content\/uploads\/sites\/2\/2012\/02\/rubrikbild_1_1_20121-300x101.jpg\" alt=\"\" title=\"rubrikbild_1_1_2012\"\/><\/a><\/figure>\n\n\n\n<p><a href=\"http:\/\/bu2022.vasaorden.com\/goteborg\/files\/2012\/02\/Nytt_fr\u00e5n_Gbg_Logen_1_2012.pdf\">Nytt fr\u00e5n&nbsp;Logen G\u00f6teborg<\/a><\/p>\n\n\n\n<p><\/p>\n\n\n\n<p><br><strong>Bes\u00f6k p\u00e5 Residenset i G\u00f6teborg 2012<br><\/strong>Logen bes\u00f6kte Residenset den 27:e november 2012.<\/p>\n\n\n\n<figure class=\"wp-block-image\"><a href=\"https:\/\/vasaorden.com\/goteborg\/wp-content\/uploads\/sites\/2\/2012\/02\/Residenset.jpg\"><img src=\"https:\/\/vasaorden.com\/goteborg\/wp-content\/uploads\/sites\/2\/2012\/02\/Residenset-300x205.jpg\" alt=\"\" class=\"wp-image-472\" title=\"Residenset\"\/><\/a><\/figure>\n\n\n\n<p><a href=\"https:\/\/vasaorden.com\/goteborg\/wp-content\/uploads\/sites\/2\/2012\/02\/Residenset_gbg1.pdf\">Residenset i G\u00f6teborg<\/a><\/p>\n\n\n\n<p><br><strong>Bes\u00f6k hos Logen Knallen, Bor\u00e5s 2012<br><\/strong>Logen bes\u00f6kte den 22:e september 2012&nbsp;f\u00f6rst Abecita Konstmuseum samt d\u00e4refter LL Knallen i Bor\u00e5s<\/p>\n\n\n\n<figure class=\"wp-block-image\"><a href=\"http:\/\/bu2022.vasaorden.com\/goteborg\/tidigare-handelser\/attachment\/819\/\"><img loading=\"lazy\" width=\"300\" height=\"225\" src=\"https:\/\/vasaorden.com\/goteborg\/wp-content\/uploads\/sites\/2\/2012\/02\/knallen-300x225.jpg\" alt=\"\" class=\"wp-image-819\" srcset=\"https:\/\/vasaorden.com\/goteborg\/wp-content\/uploads\/sites\/2\/2012\/02\/knallen-300x225.jpg 300w, https:\/\/vasaorden.com\/goteborg\/wp-content\/uploads\/sites\/2\/2012\/02\/knallen-768x576.jpg 768w, https:\/\/vasaorden.com\/goteborg\/wp-content\/uploads\/sites\/2\/2012\/02\/knallen.jpg 1024w\" sizes=\"(max-width: 300px) 100vw, 300px\" \/><\/a><\/figure>\n\n\n\n<p><a href=\"https:\/\/vasaorden.com\/goteborg\/wp-content\/uploads\/sites\/2\/2012\/02\/Besok-hos-LL-Boras-Knallen.pdf\">Bes\u00f6k hos LL Knallen Bor\u00e5s<\/a><\/p>\n\n\n\n<p><br><strong>Atlantloge med Emigrantdag 2012,<br><\/strong>Logen ordnade den 1:e september en gemensam Emigrantdag&nbsp;med logen Mellerud.<br><br><strong><em>Emigranternas Hus<\/em><\/strong><br><strong><a href=\"https:\/\/vasaorden.com\/goteborg\/wp-content\/uploads\/sites\/2\/2012\/02\/Atlantloge-med-Emigrantdag.pdf\">Atlantloge med Emigrantdag<\/a><\/strong><\/p>\n\n\n\n<p><br><strong>Nationaldagsfirande&nbsp;i Slottskogen 2012<\/strong><\/p>\n\n\n\n<p><strong><a href=\"https:\/\/vasaorden.com\/goteborg\/wp-content\/uploads\/sites\/2\/2012\/02\/Nationaldagen-i-Slottskogen1.pdf\">Nationaldagen i Slottskogen<\/a><\/strong><\/p>\n\n\n\n<p><br><strong>V\u00e5rfest 2012<br><\/strong>L\u00f6rdagen den 21:e april tr\u00e4ffades drygt 20 Vasasyskon i Rosenkaf\u00e9et i Tr\u00e4dg\u00e5rdsf\u00f6reningen i G\u00f6teborg.<br>D\u00e4r serverades en Italiensk buff\u00e9 samt kaffe och kaka.&nbsp; Sy Monica testade oss med en fr\u00e5gesport och n\u00e4r det b\u00f6rjade skymma vandrade vi bel\u00e5tna ut i v\u00e5rkv\u00e4llen.<\/p>\n\n\n<div class=\"wp-block-image\">\n<figure class=\"alignleft\"><a href=\"https:\/\/vasaorden.com\/goteborg\/wp-content\/uploads\/sites\/2\/2012\/02\/Rune3.jpg\"><img loading=\"lazy\" width=\"150\" height=\"150\" src=\"https:\/\/vasaorden.com\/goteborg\/wp-content\/uploads\/sites\/2\/2012\/02\/Rune3-150x150.jpg\" alt=\"\" class=\"wp-image-294\"\/><\/a><figcaption>Broder Werling uppvaktas<strong style=\"color: #ffffff;font-size: inherit\">.<\/strong><\/figcaption><\/figure><\/div>\n\n\n<h2><br><\/h2>\n\n\n\n<p><br><br><br><br><br><br><br><br><strong>Kulturaktiviteter 2012<br><\/strong>Logen G\u00f6teborg var med p\u00e5 Sl\u00e4ktforskningens Dag den 17-18 mars 2012, p\u00e5 G\u00f6teborgs Stadsmuseum, N Hamngatan 12 i G\u00f6teborg. P\u00e5 l\u00f6rdagen var det en presentation av Vasa Orden i Wallenstamsalen, vi ber\u00e4ttade om Vasa Orden av Amerika och Vasaarkivet i Bishop Hill. \u00c4r dina amerikanska sl\u00e4ktingar och anh\u00f6riga med i Vasa Orden av Amerika? Vi har ett register med ca. 58 000 medlemmar, som vi kan s\u00f6ka i n\u00e4r du bes\u00f6ker oss.<\/p>\n\n\n<div class=\"wp-block-image\">\n<figure class=\"alignleft\"><a href=\"https:\/\/vasaorden.com\/goteborg\/wp-content\/uploads\/sites\/2\/2012\/02\/Slaktforskningens-dag.jpg\"><img src=\"https:\/\/vasaorden.com\/goteborg\/wp-content\/uploads\/sites\/2\/2012\/02\/Slaktforskningens-dag-300x225.jpg\" alt=\"\" title=\"Sl\u00e4ktforskningens dag\"\/><\/a><figcaption>Kulturledarna Monica Olsson och Charlotte B\u00f6rjesson i Vasa Ordens monter.<\/figcaption><\/figure><\/div>\n\n\n<p><\/p>\n","protected":false},"excerpt":{"rendered":"<p>Nyhetsblad 2012 Nytt fr\u00e5n&nbsp;Logen G\u00f6teborg Bes\u00f6k p\u00e5 Residenset i G\u00f6teborg 2012Logen bes\u00f6kte Residenset den 27:e november 2012. Residenset i G\u00f6teborg Bes\u00f6k hos Logen Knallen, Bor\u00e5s 2012Logen bes\u00f6kte den 22:e september 2012&nbsp;f\u00f6rst Abecita Konstmuseum samt d\u00e4refter LL Knallen i Bor\u00e5s Bes\u00f6k hos LL Knallen Bor\u00e5s Atlantloge med Emigrantdag 2012,Logen ordnade den 1:e september en gemensam Emigrantdag&nbsp;med [&hellip;]<\/p>\n","protected":false},"author":5,"featured_media":0,"parent":0,"menu_order":0,"comment_status":"closed","ping_status":"closed","template":"","meta":{"ngg_post_thumbnail":0,"ocean_post_layout":"","ocean_both_sidebars_style":"","ocean_both_sidebars_content_width":0,"ocean_both_sidebars_sidebars_width":0,"ocean_sidebar":"0","ocean_second_sidebar":"0","ocean_disable_margins":"enable","ocean_add_body_class":"","ocean_shortcode_before_top_bar":"","ocean_shortcode_after_top_bar":"","ocean_shortcode_before_header":"","ocean_shortcode_after_header":"","ocean_has_shortcode":"","ocean_shortcode_after_title":"","ocean_shortcode_before_footer_widgets":"","ocean_shortcode_after_footer_widgets":"","ocean_shortcode_before_footer_bottom":"","ocean_shortcode_after_footer_bottom":"","ocean_display_top_bar":"default","ocean_display_header":"default","ocean_header_style":"","ocean_center_header_left_menu":"0","ocean_custom_header_template":"0","ocean_custom_logo":0,"ocean_custom_retina_logo":0,"ocean_custom_logo_max_width":0,"ocean_custom_logo_tablet_max_width":0,"ocean_custom_logo_mobile_max_width":0,"ocean_custom_logo_max_height":0,"ocean_custom_logo_tablet_max_height":0,"ocean_custom_logo_mobile_max_height":0,"ocean_header_custom_menu":"0","ocean_menu_typo_font_family":"0","ocean_menu_typo_font_subset":"","ocean_menu_typo_font_size":0,"ocean_menu_typo_font_size_tablet":0,"ocean_menu_typo_font_size_mobile":0,"ocean_menu_typo_font_size_unit":"px","ocean_menu_typo_font_weight":"","ocean_menu_typo_font_weight_tablet":"","ocean_menu_typo_font_weight_mobile":"","ocean_menu_typo_transform":"","ocean_menu_typo_transform_tablet":"","ocean_menu_typo_transform_mobile":"","ocean_menu_typo_line_height":0,"ocean_menu_typo_line_height_tablet":0,"ocean_menu_typo_line_height_mobile":0,"ocean_menu_typo_line_height_unit":"","ocean_menu_typo_spacing":0,"ocean_menu_typo_spacing_tablet":0,"ocean_menu_typo_spacing_mobile":0,"ocean_menu_typo_spacing_unit":"","ocean_menu_link_color":"","ocean_menu_link_color_hover":"","ocean_menu_link_color_active":"","ocean_menu_link_background":"","ocean_menu_link_hover_background":"","ocean_menu_link_active_background":"","ocean_menu_social_links_bg":"","ocean_menu_social_hover_links_bg":"","ocean_menu_social_links_color":"","ocean_menu_social_hover_links_color":"","ocean_disable_title":"default","ocean_disable_heading":"default","ocean_post_title":"","ocean_post_subheading":"","ocean_post_title_style":"","ocean_post_title_background_color":"","ocean_post_title_background":0,"ocean_post_title_bg_image_position":"","ocean_post_title_bg_image_attachment":"","ocean_post_title_bg_image_repeat":"","ocean_post_title_bg_image_size":"","ocean_post_title_height":0,"ocean_post_title_bg_overlay":0.5,"ocean_post_title_bg_overlay_color":"","ocean_disable_breadcrumbs":"default","ocean_breadcrumbs_color":"","ocean_breadcrumbs_separator_color":"","ocean_breadcrumbs_links_color":"","ocean_breadcrumbs_links_hover_color":"","ocean_display_footer_widgets":"default","ocean_display_footer_bottom":"default","ocean_custom_footer_template":"0"},"_links":{"self":[{"href":"https:\/\/vasaorden.com\/goteborg\/wp-json\/wp\/v2\/pages\/1467"}],"collection":[{"href":"https:\/\/vasaorden.com\/goteborg\/wp-json\/wp\/v2\/pages"}],"about":[{"href":"https:\/\/vasaorden.com\/goteborg\/wp-json\/wp\/v2\/types\/page"}],"author":[{"embeddable":true,"href":"https:\/\/vasaorden.com\/goteborg\/wp-json\/wp\/v2\/users\/5"}],"replies":[{"embeddable":true,"href":"https:\/\/vasaorden.com\/goteborg\/wp-json\/wp\/v2\/comments?post=1467"}],"version-history":[{"count":1,"href":"https:\/\/vasaorden.com\/goteborg\/wp-json\/wp\/v2\/pages\/1467\/revisions"}],"predecessor-version":[{"id":1714,"href":"https:\/\/vasaorden.com\/goteborg\/wp-json\/wp\/v2\/pages\/1467\/revisions\/1714"}],"wp:attachment":[{"href":"https:\/\/vasaorden.com\/goteborg\/wp-json\/wp\/v2\/media?parent=1467"}],"curies":[{"name":"wp","href":"https:\/\/api.w.org\/{rel}","templated":true}]}}