{"id":1459,"date":"2021-02-23T18:04:36","date_gmt":"2021-02-23T16:04:36","guid":{"rendered":"http:\/\/bu2022.vasaorden.com\/goteborg\/?page_id=1459"},"modified":"2022-09-04T20:51:08","modified_gmt":"2022-09-04T18:51:08","slug":"handelser-ar-2014-och-tidigare-ar","status":"publish","type":"page","link":"https:\/\/vasaorden.com\/goteborg\/handelser-ar-2014-och-tidigare-ar\/","title":{"rendered":"H\u00e4ndelser \u00e5r 2014"},"content":{"rendered":"\n<p><strong>Julbord 2014<\/strong><\/p>\n\n\n\n<p>Andra advent var den dag vi tr\u00e4ffades p\u00e5 Gothia Towers f\u00f6r v\u00e5rt \u00e5rliga julbord. Men f\u00f6r f\u00f6rsta g\u00e5ngen d\u00e4r.<\/p>\n\n\n\n<p>En halvtimme innan vi skulle \u00e4ntra julbordet och dess l\u00e4ckerheter tr\u00e4ffades vi f\u00f6r lite mingel. Ett h\u00e4rligt g\u00e4ng glada och hungriga systrar och br\u00f6der och fem nya blivande systrar och br\u00f6der m\u00f6ttes \u00f6ver gl\u00f6gg och pepparkakor med mycket prat och glada skratt. S\u00e5 var det dags att g\u00e5 in till v\u00e5ra bord. P\u00e5 v\u00e4gen in passerade vi det enorma godisbordet. Allas \u00f6gon lyste och ljudniv\u00e5n h\u00f6jdes.<\/p>\n\n\n\n<p>N\u00e4r vi intagit v\u00e5ra platser under dinglande silverf\u00e4rgade julkulor f\u00f6rs\u00f6kte servitrisen f\u00e5 ordet f\u00f6r att ber\u00e4tta om de olika borden d\u00e4r maten serverades.&nbsp; Vatten fanns p\u00e5 bordet men ville du ha n\u00e5got starkare s\u00e5 l\u00e5g baren inom r\u00e4ckh\u00e5ll. F\u00f6r att vi inte skulle beh\u00f6va v\u00e4nta i k\u00f6 s\u00e5 fanns det ytterligare en upps\u00e4ttning med bord med samma uppl\u00e4gg.&nbsp;Men p\u00e5 julbordet \u00e4r det lite kul att st\u00e5 i k\u00f6, v\u00e4lja och prata om maten och annat i juletid.<\/p>\n\n\n\n<p>Efter n\u00e5gra timmar hade vi tagit oss igenom sill, lax, korv, pat\u00e9er, allt det varma, dessertbordet, ostar och till sist stod man framf\u00f6r godisbordet och skulle f\u00f6rs\u00f6ka v\u00e4lja och f\u00e5 plats med lite mer. Det var helt otroligt mycket gl\u00e4dje och tacksamhet f\u00f6r \u00e5rets julbord. Speciellt gl\u00e4djande var det att f\u00e5 med de som ska recipieras p\u00e5 \u00e5rsm\u00f6tet.<\/p>\n\n\n\n<p>S\u00e5 var det dags att ta farv\u00e4l och \u00f6nska God Jul!<\/p>\n\n\n\n<p>Margareta Ruthagen<\/p>\n\n\n\n<p>Ordf\u00f6rande, Logen G\u00f6teborg nr 452<\/p>\n\n\n<div class=\"wp-block-image\">\n<figure class=\"alignleft size-full is-resized\"><img loading=\"lazy\" src=\"https:\/\/vasaorden.com\/goteborg\/wp-content\/uploads\/sites\/2\/2012\/02\/IMG_6068a.jpg\" alt=\"\" class=\"wp-image-945\" width=\"400\" height=\"267\" srcset=\"https:\/\/vasaorden.com\/goteborg\/wp-content\/uploads\/sites\/2\/2012\/02\/IMG_6068a.jpg 800w, https:\/\/vasaorden.com\/goteborg\/wp-content\/uploads\/sites\/2\/2012\/02\/IMG_6068a-300x200.jpg 300w, https:\/\/vasaorden.com\/goteborg\/wp-content\/uploads\/sites\/2\/2012\/02\/IMG_6068a-768x512.jpg 768w\" sizes=\"(max-width: 400px) 100vw, 400px\" \/><\/figure><\/div>\n\n<div class=\"wp-block-image\">\n<figure class=\"alignleft size-full is-resized\"><img loading=\"lazy\" src=\"https:\/\/vasaorden.com\/goteborg\/wp-content\/uploads\/sites\/2\/2012\/02\/IMG_6048a.jpg\" alt=\"\" class=\"wp-image-946\" width=\"400\" height=\"267\" srcset=\"https:\/\/vasaorden.com\/goteborg\/wp-content\/uploads\/sites\/2\/2012\/02\/IMG_6048a.jpg 800w, https:\/\/vasaorden.com\/goteborg\/wp-content\/uploads\/sites\/2\/2012\/02\/IMG_6048a-300x200.jpg 300w, https:\/\/vasaorden.com\/goteborg\/wp-content\/uploads\/sites\/2\/2012\/02\/IMG_6048a-768x512.jpg 768w\" sizes=\"(max-width: 400px) 100vw, 400px\" \/><\/figure><\/div>\n\n\n<p><br><br><br><br><br><br><br><br><br><br><br><br><br><strong>Thanksgiving Dinner 2014<\/strong><\/p>\n\n\n\n<p>Torsdagen den 27:e november&nbsp;firade vi&nbsp;Thanksgiving Day, med en Thanksgiving Dinner.<\/p>\n\n\n\n<p>Vi serverades en uts\u00f6kt kalkon, som Margaretha \u00c5lund hade tillagat, en mycket trevlig kv\u00e4ll!<br>Tack Margareta \u00c5lund f\u00f6r den fantastiskt goda&nbsp;hemlagade kalkonen!<\/p>\n\n\n<div class=\"wp-block-image\">\n<figure class=\"alignleft size-full is-resized\"><img loading=\"lazy\" src=\"https:\/\/vasaorden.com\/goteborg\/wp-content\/uploads\/sites\/2\/2012\/02\/DSC_00011.jpg\" alt=\"\" class=\"wp-image-936\" width=\"400\" height=\"265\" srcset=\"https:\/\/vasaorden.com\/goteborg\/wp-content\/uploads\/sites\/2\/2012\/02\/DSC_00011.jpg 800w, https:\/\/vasaorden.com\/goteborg\/wp-content\/uploads\/sites\/2\/2012\/02\/DSC_00011-300x199.jpg 300w, https:\/\/vasaorden.com\/goteborg\/wp-content\/uploads\/sites\/2\/2012\/02\/DSC_00011-768x509.jpg 768w\" sizes=\"(max-width: 400px) 100vw, 400px\" \/><\/figure><\/div>\n\n<div class=\"wp-block-image\">\n<figure class=\"alignleft size-full is-resized\"><img loading=\"lazy\" src=\"https:\/\/vasaorden.com\/goteborg\/wp-content\/uploads\/sites\/2\/2012\/02\/DSC_0003.jpg\" alt=\"\" class=\"wp-image-937\" width=\"400\" height=\"265\" srcset=\"https:\/\/vasaorden.com\/goteborg\/wp-content\/uploads\/sites\/2\/2012\/02\/DSC_0003.jpg 800w, https:\/\/vasaorden.com\/goteborg\/wp-content\/uploads\/sites\/2\/2012\/02\/DSC_0003-300x199.jpg 300w, https:\/\/vasaorden.com\/goteborg\/wp-content\/uploads\/sites\/2\/2012\/02\/DSC_0003-768x509.jpg 768w\" sizes=\"(max-width: 400px) 100vw, 400px\" \/><\/figure><\/div>\n\n\n<p><br><br><br><br><br><br><br><br><br><br><br><br><br><strong>Vi firade 90-\u00e5rs jubileum\u00a02014<\/strong><\/p>\n\n\n\n<p>L\u00f6rdagen den 6:e september 2014,&nbsp;firade Logen G\u00f6teborg nr 452, sitt 90-\u00e5rs jubileum i&nbsp;ordenslokalen p\u00e5 Bellmansgatan.<br>Vi var n\u00e4ra 100 personer, som deltog i en h\u00f6gtidsloge med en spektakul\u00e4r fanparad och d\u00e4refter nj\u00f6t en uts\u00f6kt jubileumsbankett med fin underh\u00e5llning.&nbsp;Kv\u00e4llen avslutades med dans till levande musik.<\/p>\n\n\n\n<p><a href=\"https:\/\/vasaorden.com\/goteborg\/wp-content\/uploads\/sites\/2\/2012\/02\/Jubileumsbilder1.pdf\">Jubileumsbilder<\/a><br><a href=\"https:\/\/vasaorden.com\/goteborg\/wp-content\/uploads\/sites\/2\/2012\/02\/VOA-LL-452-90-arsjubileum-Anteckningar-Rev-2.pdf\">90-\u00e5rsjubileum, anteckningar rev 2<\/a><br><a href=\"https:\/\/vasaorden.com\/goteborg\/wp-content\/uploads\/sites\/2\/2012\/02\/VOA-LL-452-90-arsjubileet-2014-09-06-Gastlista1.pdf\">90-\u00e5rsjubileet, g\u00e4stlista<\/a><\/p>\n\n\n<div class=\"wp-block-image\">\n<figure class=\"alignleft size-full is-resized\"><a href=\"https:\/\/vasaorden.com\/goteborg\/wp-content\/uploads\/sites\/2\/2012\/02\/img070.jpg\"><img loading=\"lazy\" src=\"https:\/\/vasaorden.com\/goteborg\/wp-content\/uploads\/sites\/2\/2012\/02\/img070.jpg\" alt=\"90-\u00e5rs jubileum\" class=\"wp-image-896\" width=\"432\" height=\"286\" srcset=\"https:\/\/vasaorden.com\/goteborg\/wp-content\/uploads\/sites\/2\/2012\/02\/img070.jpg 1727w, https:\/\/vasaorden.com\/goteborg\/wp-content\/uploads\/sites\/2\/2012\/02\/img070-300x199.jpg 300w, https:\/\/vasaorden.com\/goteborg\/wp-content\/uploads\/sites\/2\/2012\/02\/img070-1024x679.jpg 1024w, https:\/\/vasaorden.com\/goteborg\/wp-content\/uploads\/sites\/2\/2012\/02\/img070-768x509.jpg 768w, https:\/\/vasaorden.com\/goteborg\/wp-content\/uploads\/sites\/2\/2012\/02\/img070-1536x1018.jpg 1536w\" sizes=\"(max-width: 432px) 100vw, 432px\" \/><\/a><figcaption>90-\u00e5rs jubileum<\/figcaption><\/figure><\/div>\n\n\n<p><br><br><br><br><br><br><br><br><br><br><br><br><br><br><strong>Nationaldagsfirande i Slottsskogen 2014<\/strong><\/p>\n\n\n\n<p><a href=\"https:\/\/vasaorden.com\/goteborg\/wp-content\/uploads\/sites\/2\/2012\/02\/Nationaldagen_2014.pdf\">Nationaldagen 2014<\/a><\/p>\n\n\n<div class=\"wp-block-image\">\n<figure class=\"alignleft size-full is-resized\"><a href=\"https:\/\/vasaorden.com\/goteborg\/wp-content\/uploads\/sites\/2\/2012\/02\/herrskapsdans1.jpg\"><img loading=\"lazy\" src=\"https:\/\/vasaorden.com\/goteborg\/wp-content\/uploads\/sites\/2\/2012\/02\/herrskapsdans1.jpg\" alt=\"Herrskapsdans\" class=\"wp-image-877\" width=\"512\" height=\"342\" srcset=\"https:\/\/vasaorden.com\/goteborg\/wp-content\/uploads\/sites\/2\/2012\/02\/herrskapsdans1.jpg 1024w, https:\/\/vasaorden.com\/goteborg\/wp-content\/uploads\/sites\/2\/2012\/02\/herrskapsdans1-300x200.jpg 300w, https:\/\/vasaorden.com\/goteborg\/wp-content\/uploads\/sites\/2\/2012\/02\/herrskapsdans1-768x512.jpg 768w\" sizes=\"(max-width: 512px) 100vw, 512px\" \/><\/a><figcaption>Herrskapsdans<\/figcaption><\/figure><\/div>\n\n\n<p><\/p>\n\n\n\n<p><br><br><br><br><br><br><br><br><br><br><br><br><br><br><br><br><strong>Kulturresa till logen Karlstads 60-\u00e5rs jubileum den 10 maj 2014<\/strong><\/p>\n\n\n\n<p><a href=\"https:\/\/vasaorden.com\/goteborg\/wp-content\/uploads\/sites\/2\/2012\/02\/Kulturresa-till-Karlstads-60just1.pdf\">Kulturresa till Karlstads 60-\u00e5rs jusbileum<\/a><\/p>\n\n\n<div class=\"wp-block-image\">\n<figure class=\"alignleft size-full is-resized\"><a href=\"https:\/\/vasaorden.com\/goteborg\/wp-content\/uploads\/sites\/2\/2012\/02\/Mellerud-20140514-011.jpg\"><img loading=\"lazy\" src=\"https:\/\/vasaorden.com\/goteborg\/wp-content\/uploads\/sites\/2\/2012\/02\/Mellerud-20140514-011.jpg\" alt=\"De glada Vasasyskonen \u00e4r fr\u00e5n v\u00e4nster: Berit Eckert, Charlotte B\u00f6rjesson, Marianne Andersson, Margareta \u00c5hlund, Thorbj\u00f6rn \u00c5hlund och Kerstin Robye. Bakom st\u00e5r Seppo Bladbacke, Eva Westin samt v\u00e5r chauf\u00f6r Ola Hansson\" class=\"wp-image-854\" width=\"512\" height=\"342\" srcset=\"https:\/\/vasaorden.com\/goteborg\/wp-content\/uploads\/sites\/2\/2012\/02\/Mellerud-20140514-011.jpg 1024w, https:\/\/vasaorden.com\/goteborg\/wp-content\/uploads\/sites\/2\/2012\/02\/Mellerud-20140514-011-300x200.jpg 300w, https:\/\/vasaorden.com\/goteborg\/wp-content\/uploads\/sites\/2\/2012\/02\/Mellerud-20140514-011-768x512.jpg 768w\" sizes=\"(max-width: 512px) 100vw, 512px\" \/><\/a><figcaption>De glada Vasasyskonen \u00e4r fr\u00e5n v\u00e4nster: Berit Eckert, Charlotte B\u00f6rjesson, Marianne Andersson, Margareta \u00c5hlund, Thorbj\u00f6rn \u00c5hlund och Kerstin Robye. <br>Bakom st\u00e5r Seppo Bladbacke, Eva Westin samt v\u00e5r chauff\u00f6r Ola Hansson<\/figcaption><\/figure><\/div>\n\n\n<p><br><br><br><br><br><br><br><br><br><br><br><br><br><br><br><br><br><br><br><strong>V\u00e5rlunch 2014<br><\/strong>Torsdagen den 24:e april var vi\u00a0sju Vasasyskon, som samlades p\u00e5 Restaurantskolan (Ester Mosessons) p\u00e5 Lindholmen.<\/p>\n\n\n\n<p><a href=\"https:\/\/vasaorden.com\/goteborg\/wp-content\/uploads\/sites\/2\/2012\/02\/Lunch-24-april-20141.pdf\">V\u00e5rlunch 24 april 2014<\/a><\/p>\n\n\n<div class=\"wp-block-image\">\n<figure class=\"alignleft size-full is-resized\"><img loading=\"lazy\" src=\"https:\/\/vasaorden.com\/goteborg\/wp-content\/uploads\/sites\/2\/2012\/02\/ester_moses_2.jpg\" alt=\"\" class=\"wp-image-827\" width=\"400\" height=\"267\" srcset=\"https:\/\/vasaorden.com\/goteborg\/wp-content\/uploads\/sites\/2\/2012\/02\/ester_moses_2.jpg 800w, https:\/\/vasaorden.com\/goteborg\/wp-content\/uploads\/sites\/2\/2012\/02\/ester_moses_2-300x200.jpg 300w, https:\/\/vasaorden.com\/goteborg\/wp-content\/uploads\/sites\/2\/2012\/02\/ester_moses_2-768x512.jpg 768w\" sizes=\"(max-width: 400px) 100vw, 400px\" \/><\/figure><\/div>\n\n<div class=\"wp-block-image\">\n<figure class=\"alignleft size-full is-resized\"><img loading=\"lazy\" src=\"https:\/\/vasaorden.com\/goteborg\/wp-content\/uploads\/sites\/2\/2012\/02\/ester_moses_1.jpg\" alt=\"\" class=\"wp-image-826\" width=\"400\" height=\"267\" srcset=\"https:\/\/vasaorden.com\/goteborg\/wp-content\/uploads\/sites\/2\/2012\/02\/ester_moses_1.jpg 800w, https:\/\/vasaorden.com\/goteborg\/wp-content\/uploads\/sites\/2\/2012\/02\/ester_moses_1-300x200.jpg 300w, https:\/\/vasaorden.com\/goteborg\/wp-content\/uploads\/sites\/2\/2012\/02\/ester_moses_1-768x512.jpg 768w\" sizes=\"(max-width: 400px) 100vw, 400px\" \/><\/figure><\/div>\n\n\n<p><br><br><br><br><br><br><br><br><br><br><br><br><br><strong>V\u00e5rfest 2014<br><\/strong>L\u00f6rdagen den 12:e april tr\u00e4ffades\u00a0ca. 10 Vasasyskon p\u00e5 restaurant Ottomania i G\u00f6teborg.<br>D\u00e4r serverades en god\u00a0buff\u00e9 samt f\u00f6r de som s\u00e5 \u00f6nskade ett gott vin.<\/p>\n\n\n\n<p><a href=\"https:\/\/vasaorden.com\/goteborg\/wp-content\/uploads\/sites\/2\/2012\/02\/Varfesten-12-april-2014-LL-Gbg.pdf\">V\u00e5rfesten 12 april 2014<\/a><\/p>\n\n\n<div class=\"wp-block-image\">\n<figure class=\"alignleft size-large is-resized\"><img loading=\"lazy\" src=\"https:\/\/vasaorden.com\/goteborg\/wp-content\/uploads\/sites\/2\/2012\/02\/varfest2014-1024x1006.jpg\" alt=\"\" class=\"wp-image-811\" width=\"256\" height=\"252\" srcset=\"https:\/\/vasaorden.com\/goteborg\/wp-content\/uploads\/sites\/2\/2012\/02\/varfest2014-1024x1006.jpg 1024w, https:\/\/vasaorden.com\/goteborg\/wp-content\/uploads\/sites\/2\/2012\/02\/varfest2014-300x295.jpg 300w, https:\/\/vasaorden.com\/goteborg\/wp-content\/uploads\/sites\/2\/2012\/02\/varfest2014-768x755.jpg 768w, https:\/\/vasaorden.com\/goteborg\/wp-content\/uploads\/sites\/2\/2012\/02\/varfest2014-1536x1510.jpg 1536w, https:\/\/vasaorden.com\/goteborg\/wp-content\/uploads\/sites\/2\/2012\/02\/varfest2014-2048x2013.jpg 2048w\" sizes=\"(max-width: 256px) 100vw, 256px\" \/><\/figure><\/div>","protected":false},"excerpt":{"rendered":"<p>Julbord 2014 Andra advent var den dag vi tr\u00e4ffades p\u00e5 Gothia Towers f\u00f6r v\u00e5rt \u00e5rliga julbord. Men f\u00f6r f\u00f6rsta g\u00e5ngen d\u00e4r. En halvtimme innan vi skulle \u00e4ntra julbordet och dess l\u00e4ckerheter tr\u00e4ffades vi f\u00f6r lite mingel. Ett h\u00e4rligt g\u00e4ng glada och hungriga systrar och br\u00f6der och fem nya blivande systrar och br\u00f6der m\u00f6ttes \u00f6ver gl\u00f6gg [&hellip;]<\/p>\n","protected":false},"author":5,"featured_media":0,"parent":0,"menu_order":0,"comment_status":"closed","ping_status":"closed","template":"","meta":{"ngg_post_thumbnail":0,"ocean_post_layout":"","ocean_both_sidebars_style":"","ocean_both_sidebars_content_width":0,"ocean_both_sidebars_sidebars_width":0,"ocean_sidebar":"0","ocean_second_sidebar":"0","ocean_disable_margins":"enable","ocean_add_body_class":"","ocean_shortcode_before_top_bar":"","ocean_shortcode_after_top_bar":"","ocean_shortcode_before_header":"","ocean_shortcode_after_header":"","ocean_has_shortcode":"","ocean_shortcode_after_title":"","ocean_shortcode_before_footer_widgets":"","ocean_shortcode_after_footer_widgets":"","ocean_shortcode_before_footer_bottom":"","ocean_shortcode_after_footer_bottom":"","ocean_display_top_bar":"default","ocean_display_header":"default","ocean_header_style":"","ocean_center_header_left_menu":"0","ocean_custom_header_template":"0","ocean_custom_logo":0,"ocean_custom_retina_logo":0,"ocean_custom_logo_max_width":0,"ocean_custom_logo_tablet_max_width":0,"ocean_custom_logo_mobile_max_width":0,"ocean_custom_logo_max_height":0,"ocean_custom_logo_tablet_max_height":0,"ocean_custom_logo_mobile_max_height":0,"ocean_header_custom_menu":"0","ocean_menu_typo_font_family":"0","ocean_menu_typo_font_subset":"","ocean_menu_typo_font_size":0,"ocean_menu_typo_font_size_tablet":0,"ocean_menu_typo_font_size_mobile":0,"ocean_menu_typo_font_size_unit":"px","ocean_menu_typo_font_weight":"","ocean_menu_typo_font_weight_tablet":"","ocean_menu_typo_font_weight_mobile":"","ocean_menu_typo_transform":"","ocean_menu_typo_transform_tablet":"","ocean_menu_typo_transform_mobile":"","ocean_menu_typo_line_height":0,"ocean_menu_typo_line_height_tablet":0,"ocean_menu_typo_line_height_mobile":0,"ocean_menu_typo_line_height_unit":"","ocean_menu_typo_spacing":0,"ocean_menu_typo_spacing_tablet":0,"ocean_menu_typo_spacing_mobile":0,"ocean_menu_typo_spacing_unit":"","ocean_menu_link_color":"","ocean_menu_link_color_hover":"","ocean_menu_link_color_active":"","ocean_menu_link_background":"","ocean_menu_link_hover_background":"","ocean_menu_link_active_background":"","ocean_menu_social_links_bg":"","ocean_menu_social_hover_links_bg":"","ocean_menu_social_links_color":"","ocean_menu_social_hover_links_color":"","ocean_disable_title":"default","ocean_disable_heading":"default","ocean_post_title":"","ocean_post_subheading":"","ocean_post_title_style":"","ocean_post_title_background_color":"","ocean_post_title_background":0,"ocean_post_title_bg_image_position":"","ocean_post_title_bg_image_attachment":"","ocean_post_title_bg_image_repeat":"","ocean_post_title_bg_image_size":"","ocean_post_title_height":0,"ocean_post_title_bg_overlay":0.5,"ocean_post_title_bg_overlay_color":"","ocean_disable_breadcrumbs":"default","ocean_breadcrumbs_color":"","ocean_breadcrumbs_separator_color":"","ocean_breadcrumbs_links_color":"","ocean_breadcrumbs_links_hover_color":"","ocean_display_footer_widgets":"default","ocean_display_footer_bottom":"default","ocean_custom_footer_template":"0"},"_links":{"self":[{"href":"https:\/\/vasaorden.com\/goteborg\/wp-json\/wp\/v2\/pages\/1459"}],"collection":[{"href":"https:\/\/vasaorden.com\/goteborg\/wp-json\/wp\/v2\/pages"}],"about":[{"href":"https:\/\/vasaorden.com\/goteborg\/wp-json\/wp\/v2\/types\/page"}],"author":[{"embeddable":true,"href":"https:\/\/vasaorden.com\/goteborg\/wp-json\/wp\/v2\/users\/5"}],"replies":[{"embeddable":true,"href":"https:\/\/vasaorden.com\/goteborg\/wp-json\/wp\/v2\/comments?post=1459"}],"version-history":[{"count":6,"href":"https:\/\/vasaorden.com\/goteborg\/wp-json\/wp\/v2\/pages\/1459\/revisions"}],"predecessor-version":[{"id":1731,"href":"https:\/\/vasaorden.com\/goteborg\/wp-json\/wp\/v2\/pages\/1459\/revisions\/1731"}],"wp:attachment":[{"href":"https:\/\/vasaorden.com\/goteborg\/wp-json\/wp\/v2\/media?parent=1459"}],"curies":[{"name":"wp","href":"https:\/\/api.w.org\/{rel}","templated":true}]}}