{"id":1457,"date":"2021-02-23T18:03:20","date_gmt":"2021-02-23T16:03:20","guid":{"rendered":"http:\/\/bu2022.vasaorden.com\/goteborg\/?page_id=1457"},"modified":"2022-09-04T20:55:51","modified_gmt":"2022-09-04T18:55:51","slug":"handelser-ar-2015","status":"publish","type":"page","link":"https:\/\/vasaorden.com\/goteborg\/handelser-ar-2015\/","title":{"rendered":"H\u00e4ndelser \u00e5r 2015"},"content":{"rendered":"\n<p><br><strong>Julfest l\u00f6rdagen den 5:e december,<\/strong><\/p>\n\n\n\n<p><a href=\"https:\/\/vasaorden.com\/goteborg\/wp-content\/uploads\/sites\/2\/2012\/02\/Julbordet-2015-pdf.pdf\">Bildreportage fr\u00e5n Julbordet 2015<\/a><strong>.<\/strong><\/p>\n\n\n<div class=\"wp-block-image\">\n<figure class=\"alignleft size-large is-resized\"><img loading=\"lazy\" src=\"https:\/\/vasaorden.com\/goteborg\/wp-content\/uploads\/sites\/2\/2012\/02\/Julbordet-2015.-jpg-bild-1024x683.jpg\" alt=\"\" class=\"wp-image-1063\" width=\"512\" height=\"342\" srcset=\"https:\/\/vasaorden.com\/goteborg\/wp-content\/uploads\/sites\/2\/2012\/02\/Julbordet-2015.-jpg-bild-1024x683.jpg 1024w, https:\/\/vasaorden.com\/goteborg\/wp-content\/uploads\/sites\/2\/2012\/02\/Julbordet-2015.-jpg-bild-300x200.jpg 300w, https:\/\/vasaorden.com\/goteborg\/wp-content\/uploads\/sites\/2\/2012\/02\/Julbordet-2015.-jpg-bild-768x512.jpg 768w, https:\/\/vasaorden.com\/goteborg\/wp-content\/uploads\/sites\/2\/2012\/02\/Julbordet-2015.-jpg-bild-1536x1024.jpg 1536w, https:\/\/vasaorden.com\/goteborg\/wp-content\/uploads\/sites\/2\/2012\/02\/Julbordet-2015.-jpg-bild-2048x1365.jpg 2048w\" sizes=\"(max-width: 512px) 100vw, 512px\" \/><figcaption>Julbordet 2015<\/figcaption><\/figure><\/div>\n\n\n<p><br><br><br><br><br><br><br><br><br><br><br><br><br><br><br><br><br><br><strong>Bildgalleri fr\u00e5n v\u00e5r Atlantloge den 5:e september 2015<\/strong><\/p>\n\n\n\n<p><a href=\"https:\/\/vasaorden.com\/goteborg\/wp-content\/uploads\/sites\/2\/2012\/02\/Bildgalleri-DD-utbildning.pdf\">Bildgalleri DD-utbildning och Atlantloge.<\/a><br><br><br><strong>Logen G\u00f6teborg firade&nbsp;USA:s Nationaldag&nbsp;i Hov\u00e5s 2015<\/strong><\/p>\n\n\n\n<p>I \u00e5r tr\u00e4ffades vi i Askims Scoutk\u00e5rs hus som ligger s\u00e5 vackert vid havet. Vi v\u00e4lkomnades av br Ola Hansson och br Kjell Lindstr\u00f6m som hade f\u00f6rberett en heldag f\u00f6r oss Vasasyskon fr\u00e5n logerna Kongah\u00e4lla, Lidk\u00f6ping, Sk\u00f6vde, G\u00f6teborg och USA. N\u00e4r vi kom serverades vi kalla drycker.<br><strong>L\u00e4s mer h\u00e4r!<\/strong>&nbsp;<a href=\"https:\/\/vasaorden.com\/goteborg\/wp-content\/uploads\/sites\/2\/2012\/02\/Independence-Day-20151.pdf\">Independence Day 2015<\/a><\/p>\n\n\n\n<p><a href=\"https:\/\/vasaorden.com\/goteborg\/wp-content\/uploads\/sites\/2\/2012\/02\/Independence-Day-2015.pdf\">Bildgalleri Independence Day 2015<\/a><\/p>\n\n\n<div class=\"wp-block-image\">\n<figure class=\"alignleft size-full is-resized\"><a href=\"https:\/\/vasaorden.com\/goteborg\/wp-content\/uploads\/sites\/2\/2012\/02\/scouterna.jpg\"><img loading=\"lazy\" src=\"https:\/\/vasaorden.com\/goteborg\/wp-content\/uploads\/sites\/2\/2012\/02\/scouterna.jpg\" alt=\"Askims sj\u00f6scouters klubbstuga\" class=\"wp-image-1003\" width=\"502\" height=\"384\" srcset=\"https:\/\/vasaorden.com\/goteborg\/wp-content\/uploads\/sites\/2\/2012\/02\/scouterna.jpg 1004w, https:\/\/vasaorden.com\/goteborg\/wp-content\/uploads\/sites\/2\/2012\/02\/scouterna-300x229.jpg 300w, https:\/\/vasaorden.com\/goteborg\/wp-content\/uploads\/sites\/2\/2012\/02\/scouterna-768x587.jpg 768w\" sizes=\"(max-width: 502px) 100vw, 502px\" \/><\/a><figcaption>Askims sj\u00f6scouters klubbstuga<\/figcaption><\/figure><\/div>\n\n\n<p><br><br><br><br><br><br><br><br><br><br><br><br><br><br><br><br><br><br><br><strong>Logen G\u00f6teborg firade Sveriges Nationaldag\u00a0i Slottsskogen 2015<\/strong><\/p>\n\n\n\n<p>Kl. 14.00 i Slottsskogen hissades svenska flaggan framme vid scenen och efter det drog G\u00f6teborgs Symfoniker ig\u00e5ng sin traditionsenliga konsert. Framf\u00f6r den provisoriska scenen har m\u00e4nniskor samlats i tusental, det \u00e4r helt fullt! M\u00e5nga har filtar och picknickkorgar, st\u00e4mningen \u00e4r god.<\/p>\n\n\n\n<p>Klicka h\u00e4r f\u00f6r fler bilder! <a href=\"https:\/\/vasaorden.com\/goteborg\/wp-content\/uploads\/sites\/2\/2012\/02\/Nationaldagen-2015.pdf\">Nationaldagen 2015<\/a><\/p>\n\n\n<div class=\"wp-block-image\">\n<figure class=\"alignleft size-full is-resized\"><a href=\"https:\/\/vasaorden.com\/goteborg\/wp-content\/uploads\/sites\/2\/2012\/02\/nationaldagen-_2015.jpg\"><img loading=\"lazy\" src=\"https:\/\/vasaorden.com\/goteborg\/wp-content\/uploads\/sites\/2\/2012\/02\/nationaldagen-_2015.jpg\" alt=\"Fr\u00e5n Logen G\u00f6teborg var bland annat dessa tre glada Vasasystrar: Kulturledare Monica Olsson, Sekreterare Eva Westin och Distriktskulturledare Charlotte B\u00f6rjesson. Fotograf var Torsten Olsson\" class=\"wp-image-998\" width=\"512\" height=\"384\" srcset=\"https:\/\/vasaorden.com\/goteborg\/wp-content\/uploads\/sites\/2\/2012\/02\/nationaldagen-_2015.jpg 1024w, https:\/\/vasaorden.com\/goteborg\/wp-content\/uploads\/sites\/2\/2012\/02\/nationaldagen-_2015-300x225.jpg 300w, https:\/\/vasaorden.com\/goteborg\/wp-content\/uploads\/sites\/2\/2012\/02\/nationaldagen-_2015-768x576.jpg 768w\" sizes=\"(max-width: 512px) 100vw, 512px\" \/><\/a><figcaption>Fr\u00e5n Logen G\u00f6teborg var bland annat dessa tre glada Vasasystrar<br> Kulturledare Monica Olsson, Sekreterare Eva Westin och Distriktskulturledare Charlotte B\u00f6rjesson. Fotograf var Torsten Olsson<\/figcaption><\/figure><\/div>\n\n\n<p><br><br><br><br><br><br><br><br><br><br><br><br><br><br><br><br><br><br><br><br><br><strong>V\u00e5rfesten 17:e april, 2015.<\/strong><\/p>\n\n\n\n<p>S\u00e5 har vi d\u00e5 avnjutit V\u00e5rfesten p\u00e5 Tornhuset. P\u00e5 en v\u00e4lkomnande solig veranda serverades bubblande dryck. V\u00e4drets makter ville oss v\u00e4l. Sorl och v\u00e5rlika f\u00e4rgglatt kl\u00e4dda systrar och br\u00f6der b\u00e5de fr\u00e5n Logen G\u00f6teborg och Logen Kongah\u00e4lla ansl\u00f6t sig.<\/p>\n\n\n\n<p>Vi inledde med att&nbsp;avnjuta v\u00e5r amerikanska buff\u00e9.<\/p>\n\n\n\n<p>Bordsplanerare syster Karin hade placeringskort med v\u00e5rblommor och namn fint p\u00e5 varje bord. Sval\u00f6rt, Gullviva, Bl\u00e5sippa och Vitsippa var bordens namn. Den uppdukade buff\u00e9n och gott vin l\u00e4t oss v\u00e4l smakas l\u00e4nge.<\/p>\n\n\n\n<p>Efter god mat och dryck fick vi ta oss en trappa upp till kv\u00e4llens underh\u00e5llare Mats Johansson som spelade p\u00e5 flygel och sj\u00f6ng. Det blev flera k\u00e4nda stycken alltifr\u00e5n Grieg till Allan Edwalls texter.<\/p>\n\n\n\n<p>Efter underh\u00e5llningen var det kaffe med tillbeh\u00f6r i salongen. Tornhuset bjuder sina g\u00e4ster p\u00e5 fantastiska lokaler.<\/p>\n\n\n\n<p>S\u00e5 blev det dags f\u00f6r att tacka v\u00e5ra v\u00e4rdar, syster Berit Eckert och broder Vincent H\u00f6jer och avsluta med ett par v\u00e5rdikter skrivna av barn en ljuvlig eftermiddag vid fiskdammen. Min favorit \u00e4r ju f\u00f6ljande:<\/p>\n\n\n\n<p><strong>V<\/strong>inden susar och vattnet det brusar.<br>Och h\u00e4r sitter jag p\u00e5 sanden<br>med drickan i handen,<br>det k\u00e4nns bra tra la la la!<\/p>\n\n\n\n<p>Margareta Ruthagen<br>Ordf\u00f6rande, Logen G\u00f6teborg nr 452<\/p>\n\n\n\n<p><\/p>\n\n\n\n<p><br><strong>G\u00f6teborgs Stadsbiblioteket den 21 och 22 mars 2015<\/strong><\/p>\n\n\n\n<p>G\u00f6teborgslogen deltar b\u00e5da dagarna med en informationsmonter vid Sl\u00e4ktforskningens dag.<br>Det kommer att finnas flera intressanta f\u00f6rel\u00e4sningar att lyssna p\u00e5.<br>Torsten Olsson presenterar Vasa Orden och logens verksamhet p\u00e5 l\u00f6rdagen mellan ca kl. 14.25-14.35<\/p>\n\n\n\n<ul><li><a href=\"https:\/\/vasaorden.com\/goteborg\/wp-content\/uploads\/sites\/2\/2012\/02\/Affischen.pdf\">Affischen<\/a><\/li><li><a href=\"https:\/\/vasaorden.com\/goteborg\/wp-content\/uploads\/sites\/2\/2012\/02\/Program-for-Slaktforskningens-dagar.pdf\">Program f\u00f6r Sl\u00e4ktforskningens dagar<\/a><\/li><li><a href=\"https:\/\/vasaorden.com\/goteborg\/wp-content\/uploads\/sites\/2\/2012\/02\/Utstallare.pdf\">Utst\u00e4llare<\/a><\/li><li><a href=\"https:\/\/vasaorden.com\/goteborg\/wp-content\/uploads\/sites\/2\/2012\/02\/Intresseanmalan_Goteborg.pdf\">Intresseanm\u00e4lan G\u00f6teborg<\/a><\/li><\/ul>\n\n\n\n<p><br><br><strong>Rapport fr\u00e5n \u00e5rsm\u00f6tet&nbsp;2015<\/strong><\/p>\n\n\n\n<p>Logen G\u00f6teborgs \u00e5rsm\u00f6te \u00e4r nu genomf\u00f6rt, s\u00f6ndagen den 25 januari 2015.&nbsp; I ett vintrigt G\u00f6teborg samlades 30 st gamla och nya systrar och br\u00f6der.<\/p>\n\n\n\n<p>Vi hade ballotering, reception, \u00f6verf\u00f6ring fr\u00e5n annan loge och installation.&nbsp; En reception med 5 nya medlemmar och en \u00f6verflyttning.&nbsp; Detta var en stor dag f\u00f6r v\u00e5r loge.&nbsp; Fr\u00e5n logen Kongah\u00e4lla kom v\u00e5r DD med sin installationsstab.<\/p>\n\n\n\n<p>Efter m\u00f6tet samlades vi f\u00f6r ett efterkapitel med god mat och dryck&nbsp; samt ett h\u00e4rligt bildspel fr\u00e5n Storlogem\u00f6tet i Rye, New York.<\/p>\n\n\n\n<p><\/p>\n\n\n<div class=\"wp-block-image\">\n<figure class=\"alignleft size-large is-resized\"><img loading=\"lazy\" src=\"https:\/\/vasaorden.com\/goteborg\/wp-content\/uploads\/sites\/2\/2012\/02\/DSC_9605-1024x680.jpg\" alt=\"\" class=\"wp-image-955\" width=\"512\" height=\"340\" srcset=\"https:\/\/vasaorden.com\/goteborg\/wp-content\/uploads\/sites\/2\/2012\/02\/DSC_9605-1024x680.jpg 1024w, https:\/\/vasaorden.com\/goteborg\/wp-content\/uploads\/sites\/2\/2012\/02\/DSC_9605-300x199.jpg 300w, https:\/\/vasaorden.com\/goteborg\/wp-content\/uploads\/sites\/2\/2012\/02\/DSC_9605-768x510.jpg 768w, https:\/\/vasaorden.com\/goteborg\/wp-content\/uploads\/sites\/2\/2012\/02\/DSC_9605-1536x1020.jpg 1536w, https:\/\/vasaorden.com\/goteborg\/wp-content\/uploads\/sites\/2\/2012\/02\/DSC_9605-2048x1360.jpg 2048w\" sizes=\"(max-width: 512px) 100vw, 512px\" \/><figcaption>Nya medlemmar<\/figcaption><\/figure><\/div>\n\n<div class=\"wp-block-image\">\n<figure class=\"alignleft size-large is-resized\"><img loading=\"lazy\" src=\"https:\/\/vasaorden.com\/goteborg\/wp-content\/uploads\/sites\/2\/2012\/02\/DSC_9611-1024x680.jpg\" alt=\"\" class=\"wp-image-956\" width=\"512\" height=\"340\" srcset=\"https:\/\/vasaorden.com\/goteborg\/wp-content\/uploads\/sites\/2\/2012\/02\/DSC_9611-1024x680.jpg 1024w, https:\/\/vasaorden.com\/goteborg\/wp-content\/uploads\/sites\/2\/2012\/02\/DSC_9611-300x199.jpg 300w, https:\/\/vasaorden.com\/goteborg\/wp-content\/uploads\/sites\/2\/2012\/02\/DSC_9611-768x510.jpg 768w, https:\/\/vasaorden.com\/goteborg\/wp-content\/uploads\/sites\/2\/2012\/02\/DSC_9611-1536x1020.jpg 1536w, https:\/\/vasaorden.com\/goteborg\/wp-content\/uploads\/sites\/2\/2012\/02\/DSC_9611-2048x1360.jpg 2048w\" sizes=\"(max-width: 512px) 100vw, 512px\" \/><figcaption>Installation av tj\u00e4nstem\u00e4n<\/figcaption><\/figure><\/div>","protected":false},"excerpt":{"rendered":"<p>Julfest l\u00f6rdagen den 5:e december, Bildreportage fr\u00e5n Julbordet 2015. Bildgalleri fr\u00e5n v\u00e5r Atlantloge den 5:e september 2015 Bildgalleri DD-utbildning och Atlantloge. Logen G\u00f6teborg firade&nbsp;USA:s Nationaldag&nbsp;i Hov\u00e5s 2015 I \u00e5r tr\u00e4ffades vi i Askims Scoutk\u00e5rs hus som ligger s\u00e5 vackert vid havet. Vi v\u00e4lkomnades av br Ola Hansson och br Kjell Lindstr\u00f6m som hade f\u00f6rberett en [&hellip;]<\/p>\n","protected":false},"author":5,"featured_media":0,"parent":0,"menu_order":0,"comment_status":"closed","ping_status":"closed","template":"","meta":{"ngg_post_thumbnail":0,"ocean_post_layout":"","ocean_both_sidebars_style":"","ocean_both_sidebars_content_width":0,"ocean_both_sidebars_sidebars_width":0,"ocean_sidebar":"0","ocean_second_sidebar":"0","ocean_disable_margins":"enable","ocean_add_body_class":"","ocean_shortcode_before_top_bar":"","ocean_shortcode_after_top_bar":"","ocean_shortcode_before_header":"","ocean_shortcode_after_header":"","ocean_has_shortcode":"","ocean_shortcode_after_title":"","ocean_shortcode_before_footer_widgets":"","ocean_shortcode_after_footer_widgets":"","ocean_shortcode_before_footer_bottom":"","ocean_shortcode_after_footer_bottom":"","ocean_display_top_bar":"default","ocean_display_header":"default","ocean_header_style":"","ocean_center_header_left_menu":"0","ocean_custom_header_template":"0","ocean_custom_logo":0,"ocean_custom_retina_logo":0,"ocean_custom_logo_max_width":0,"ocean_custom_logo_tablet_max_width":0,"ocean_custom_logo_mobile_max_width":0,"ocean_custom_logo_max_height":0,"ocean_custom_logo_tablet_max_height":0,"ocean_custom_logo_mobile_max_height":0,"ocean_header_custom_menu":"0","ocean_menu_typo_font_family":"0","ocean_menu_typo_font_subset":"","ocean_menu_typo_font_size":0,"ocean_menu_typo_font_size_tablet":0,"ocean_menu_typo_font_size_mobile":0,"ocean_menu_typo_font_size_unit":"px","ocean_menu_typo_font_weight":"","ocean_menu_typo_font_weight_tablet":"","ocean_menu_typo_font_weight_mobile":"","ocean_menu_typo_transform":"","ocean_menu_typo_transform_tablet":"","ocean_menu_typo_transform_mobile":"","ocean_menu_typo_line_height":0,"ocean_menu_typo_line_height_tablet":0,"ocean_menu_typo_line_height_mobile":0,"ocean_menu_typo_line_height_unit":"","ocean_menu_typo_spacing":0,"ocean_menu_typo_spacing_tablet":0,"ocean_menu_typo_spacing_mobile":0,"ocean_menu_typo_spacing_unit":"","ocean_menu_link_color":"","ocean_menu_link_color_hover":"","ocean_menu_link_color_active":"","ocean_menu_link_background":"","ocean_menu_link_hover_background":"","ocean_menu_link_active_background":"","ocean_menu_social_links_bg":"","ocean_menu_social_hover_links_bg":"","ocean_menu_social_links_color":"","ocean_menu_social_hover_links_color":"","ocean_disable_title":"default","ocean_disable_heading":"default","ocean_post_title":"","ocean_post_subheading":"","ocean_post_title_style":"","ocean_post_title_background_color":"","ocean_post_title_background":0,"ocean_post_title_bg_image_position":"","ocean_post_title_bg_image_attachment":"","ocean_post_title_bg_image_repeat":"","ocean_post_title_bg_image_size":"","ocean_post_title_height":0,"ocean_post_title_bg_overlay":0.5,"ocean_post_title_bg_overlay_color":"","ocean_disable_breadcrumbs":"default","ocean_breadcrumbs_color":"","ocean_breadcrumbs_separator_color":"","ocean_breadcrumbs_links_color":"","ocean_breadcrumbs_links_hover_color":"","ocean_display_footer_widgets":"default","ocean_display_footer_bottom":"default","ocean_custom_footer_template":"0"},"_links":{"self":[{"href":"https:\/\/vasaorden.com\/goteborg\/wp-json\/wp\/v2\/pages\/1457"}],"collection":[{"href":"https:\/\/vasaorden.com\/goteborg\/wp-json\/wp\/v2\/pages"}],"about":[{"href":"https:\/\/vasaorden.com\/goteborg\/wp-json\/wp\/v2\/types\/page"}],"author":[{"embeddable":true,"href":"https:\/\/vasaorden.com\/goteborg\/wp-json\/wp\/v2\/users\/5"}],"replies":[{"embeddable":true,"href":"https:\/\/vasaorden.com\/goteborg\/wp-json\/wp\/v2\/comments?post=1457"}],"version-history":[{"count":1,"href":"https:\/\/vasaorden.com\/goteborg\/wp-json\/wp\/v2\/pages\/1457\/revisions"}],"predecessor-version":[{"id":1733,"href":"https:\/\/vasaorden.com\/goteborg\/wp-json\/wp\/v2\/pages\/1457\/revisions\/1733"}],"wp:attachment":[{"href":"https:\/\/vasaorden.com\/goteborg\/wp-json\/wp\/v2\/media?parent=1457"}],"curies":[{"name":"wp","href":"https:\/\/api.w.org\/{rel}","templated":true}]}}