{"id":1446,"date":"2021-02-23T17:40:33","date_gmt":"2021-02-23T15:40:33","guid":{"rendered":"http:\/\/bu2022.vasaorden.com\/goteborg\/?page_id=1446"},"modified":"2022-09-04T20:11:49","modified_gmt":"2022-09-04T18:11:49","slug":"handelser-ar-2016","status":"publish","type":"page","link":"https:\/\/vasaorden.com\/goteborg\/handelser-ar-2016\/","title":{"rendered":"H\u00e4ndelser \u00e5r 2016"},"content":{"rendered":"\n<p><br><strong>Julbord 2016<\/strong><\/p>\n\n\n<div class=\"wp-block-image\">\n<figure class=\"alignleft size-full is-resized\"><img loading=\"lazy\" src=\"https:\/\/vasaorden.com\/goteborg\/wp-content\/uploads\/sites\/2\/2012\/02\/julbord-2016.jpg\" alt=\"\" class=\"wp-image-1120\" width=\"493\" height=\"327\" srcset=\"https:\/\/vasaorden.com\/goteborg\/wp-content\/uploads\/sites\/2\/2012\/02\/julbord-2016.jpg 1971w, https:\/\/vasaorden.com\/goteborg\/wp-content\/uploads\/sites\/2\/2012\/02\/julbord-2016-300x199.jpg 300w, https:\/\/vasaorden.com\/goteborg\/wp-content\/uploads\/sites\/2\/2012\/02\/julbord-2016-1024x679.jpg 1024w, https:\/\/vasaorden.com\/goteborg\/wp-content\/uploads\/sites\/2\/2012\/02\/julbord-2016-768x509.jpg 768w, https:\/\/vasaorden.com\/goteborg\/wp-content\/uploads\/sites\/2\/2012\/02\/julbord-2016-1536x1018.jpg 1536w\" sizes=\"(max-width: 493px) 100vw, 493px\" \/><\/figure><\/div>\n\n\n<p><br><br><\/p>\n\n\n\n<p><br><br><br><br><br><br><br><br><br><\/p>\n\n\n\n<p><\/p>\n\n\n\n<p><\/p>\n\n\n\n<p><br><br><br><strong>Logen G\u00f6teborg firade Sveriges Nationaldag\u00a0i Slottsskogen 2016<\/strong><\/p>\n\n\n\n<p><a href=\"https:\/\/vasaorden.com\/goteborg\/wp-content\/uploads\/sites\/2\/2012\/02\/Nationaldagen-2016.pdf\">Nationaldagen 2016<\/a><\/p>\n\n\n\n<figure class=\"wp-block-image size-full is-resized\"><a href=\"https:\/\/vasaorden.com\/goteborg\/wp-content\/uploads\/sites\/2\/2012\/02\/Nationaldagen-2016-bild.jpg\"><img loading=\"lazy\" src=\"https:\/\/vasaorden.com\/goteborg\/wp-content\/uploads\/sites\/2\/2012\/02\/Nationaldagen-2016-bild.jpg\" alt=\"Nationaldagen 2016 bild\" class=\"wp-image-1097\" width=\"531\" height=\"299\" srcset=\"https:\/\/vasaorden.com\/goteborg\/wp-content\/uploads\/sites\/2\/2012\/02\/Nationaldagen-2016-bild.jpg 2125w, https:\/\/vasaorden.com\/goteborg\/wp-content\/uploads\/sites\/2\/2012\/02\/Nationaldagen-2016-bild-300x169.jpg 300w, https:\/\/vasaorden.com\/goteborg\/wp-content\/uploads\/sites\/2\/2012\/02\/Nationaldagen-2016-bild-1024x576.jpg 1024w, https:\/\/vasaorden.com\/goteborg\/wp-content\/uploads\/sites\/2\/2012\/02\/Nationaldagen-2016-bild-768x432.jpg 768w, https:\/\/vasaorden.com\/goteborg\/wp-content\/uploads\/sites\/2\/2012\/02\/Nationaldagen-2016-bild-1536x864.jpg 1536w, https:\/\/vasaorden.com\/goteborg\/wp-content\/uploads\/sites\/2\/2012\/02\/Nationaldagen-2016-bild-2048x1152.jpg 2048w\" sizes=\"(max-width: 531px) 100vw, 531px\" \/><\/a><\/figure>\n\n\n\n<p><br><br><strong>Firandet av Amerikas Nationaldag den 4:e juli, 2016.<\/strong><\/p>\n\n\n\n<p><a href=\"https:\/\/vasaorden.com\/goteborg\/wp-content\/uploads\/sites\/2\/2012\/02\/Nationaldagen-2016-07-04-webb.pdf\">Nationaldagen 4:e juli, 2016. Klicka h\u00e4r f\u00f6r bildgalleri!<\/a><\/p>\n\n\n\n<figure class=\"wp-block-image size-full is-resized\"><a href=\"http:\/\/bu2022.vasaorden.com\/goteborg\/startsidan\/webbilden-2016\/\"><img loading=\"lazy\" src=\"https:\/\/vasaorden.com\/goteborg\/wp-content\/uploads\/sites\/2\/2012\/02\/webbilden-2016.jpg\" alt=\"\" class=\"wp-image-1110\" width=\"384\" height=\"512\"\/><\/a><\/figure>\n\n\n\n<p><\/p>\n\n\n\n<p><br><br><strong>Bildgalleri fr\u00e5n Gemensamhetsm\u00f6tet f\u00f6r Logerna G\u00f6teborg och Kongah\u00e4lla den 20 februari 2016<\/strong><\/p>\n\n\n\n<p><a href=\"https:\/\/vasaorden.com\/goteborg\/wp-content\/uploads\/sites\/2\/2012\/02\/Bildgalleri-GBG-2016.pdf\">Bildgalleri GBG 2016<\/a><\/p>\n\n\n<div class=\"wp-block-image\">\n<figure class=\"alignleft size-full is-resized\"><a href=\"https:\/\/vasaorden.com\/goteborg\/wp-content\/uploads\/sites\/2\/2012\/02\/Tjm_Gbg2016.jpg\" rel=\"attachment wp-att-1078\"><img loading=\"lazy\" src=\"https:\/\/vasaorden.com\/goteborg\/wp-content\/uploads\/sites\/2\/2012\/02\/Tjm_Gbg2016.jpg\" alt=\"Logen G\u00f6teborgs tj\u00e4nstem\u00e4n f\u00f6r \u00e5r 2016 Fotograf Leif Nilsson\" class=\"wp-image-1078\" width=\"493\" height=\"327\" srcset=\"https:\/\/vasaorden.com\/goteborg\/wp-content\/uploads\/sites\/2\/2012\/02\/Tjm_Gbg2016.jpg 1971w, https:\/\/vasaorden.com\/goteborg\/wp-content\/uploads\/sites\/2\/2012\/02\/Tjm_Gbg2016-300x199.jpg 300w, https:\/\/vasaorden.com\/goteborg\/wp-content\/uploads\/sites\/2\/2012\/02\/Tjm_Gbg2016-1024x679.jpg 1024w, https:\/\/vasaorden.com\/goteborg\/wp-content\/uploads\/sites\/2\/2012\/02\/Tjm_Gbg2016-768x509.jpg 768w, https:\/\/vasaorden.com\/goteborg\/wp-content\/uploads\/sites\/2\/2012\/02\/Tjm_Gbg2016-1536x1018.jpg 1536w\" sizes=\"(max-width: 493px) 100vw, 493px\" \/><\/a><figcaption>Logen G\u00f6teborgs tj\u00e4nstem\u00e4n f\u00f6r \u00e5r 2016<br>Fotograf Leif Nilsson<\/figcaption><\/figure><\/div>\n\n\n<p><\/p>\n","protected":false},"excerpt":{"rendered":"<p>Julbord 2016 Logen G\u00f6teborg firade Sveriges Nationaldag\u00a0i Slottsskogen 2016 Nationaldagen 2016 Firandet av Amerikas Nationaldag den 4:e juli, 2016. Nationaldagen 4:e juli, 2016. Klicka h\u00e4r f\u00f6r bildgalleri! Bildgalleri fr\u00e5n Gemensamhetsm\u00f6tet f\u00f6r Logerna G\u00f6teborg och Kongah\u00e4lla den 20 februari 2016 Bildgalleri GBG 2016<\/p>\n","protected":false},"author":5,"featured_media":0,"parent":0,"menu_order":0,"comment_status":"closed","ping_status":"closed","template":"","meta":{"ngg_post_thumbnail":0,"ocean_post_layout":"","ocean_both_sidebars_style":"","ocean_both_sidebars_content_width":0,"ocean_both_sidebars_sidebars_width":0,"ocean_sidebar":"0","ocean_second_sidebar":"0","ocean_disable_margins":"enable","ocean_add_body_class":"","ocean_shortcode_before_top_bar":"","ocean_shortcode_after_top_bar":"","ocean_shortcode_before_header":"","ocean_shortcode_after_header":"","ocean_has_shortcode":"","ocean_shortcode_after_title":"","ocean_shortcode_before_footer_widgets":"","ocean_shortcode_after_footer_widgets":"","ocean_shortcode_before_footer_bottom":"","ocean_shortcode_after_footer_bottom":"","ocean_display_top_bar":"default","ocean_display_header":"default","ocean_header_style":"","ocean_center_header_left_menu":"0","ocean_custom_header_template":"0","ocean_custom_logo":0,"ocean_custom_retina_logo":0,"ocean_custom_logo_max_width":0,"ocean_custom_logo_tablet_max_width":0,"ocean_custom_logo_mobile_max_width":0,"ocean_custom_logo_max_height":0,"ocean_custom_logo_tablet_max_height":0,"ocean_custom_logo_mobile_max_height":0,"ocean_header_custom_menu":"0","ocean_menu_typo_font_family":"0","ocean_menu_typo_font_subset":"","ocean_menu_typo_font_size":0,"ocean_menu_typo_font_size_tablet":0,"ocean_menu_typo_font_size_mobile":0,"ocean_menu_typo_font_size_unit":"px","ocean_menu_typo_font_weight":"","ocean_menu_typo_font_weight_tablet":"","ocean_menu_typo_font_weight_mobile":"","ocean_menu_typo_transform":"","ocean_menu_typo_transform_tablet":"","ocean_menu_typo_transform_mobile":"","ocean_menu_typo_line_height":0,"ocean_menu_typo_line_height_tablet":0,"ocean_menu_typo_line_height_mobile":0,"ocean_menu_typo_line_height_unit":"","ocean_menu_typo_spacing":0,"ocean_menu_typo_spacing_tablet":0,"ocean_menu_typo_spacing_mobile":0,"ocean_menu_typo_spacing_unit":"","ocean_menu_link_color":"","ocean_menu_link_color_hover":"","ocean_menu_link_color_active":"","ocean_menu_link_background":"","ocean_menu_link_hover_background":"","ocean_menu_link_active_background":"","ocean_menu_social_links_bg":"","ocean_menu_social_hover_links_bg":"","ocean_menu_social_links_color":"","ocean_menu_social_hover_links_color":"","ocean_disable_title":"default","ocean_disable_heading":"default","ocean_post_title":"","ocean_post_subheading":"","ocean_post_title_style":"","ocean_post_title_background_color":"","ocean_post_title_background":0,"ocean_post_title_bg_image_position":"","ocean_post_title_bg_image_attachment":"","ocean_post_title_bg_image_repeat":"","ocean_post_title_bg_image_size":"","ocean_post_title_height":0,"ocean_post_title_bg_overlay":0.5,"ocean_post_title_bg_overlay_color":"","ocean_disable_breadcrumbs":"default","ocean_breadcrumbs_color":"","ocean_breadcrumbs_separator_color":"","ocean_breadcrumbs_links_color":"","ocean_breadcrumbs_links_hover_color":"","ocean_display_footer_widgets":"default","ocean_display_footer_bottom":"default","ocean_custom_footer_template":"0"},"_links":{"self":[{"href":"https:\/\/vasaorden.com\/goteborg\/wp-json\/wp\/v2\/pages\/1446"}],"collection":[{"href":"https:\/\/vasaorden.com\/goteborg\/wp-json\/wp\/v2\/pages"}],"about":[{"href":"https:\/\/vasaorden.com\/goteborg\/wp-json\/wp\/v2\/types\/page"}],"author":[{"embeddable":true,"href":"https:\/\/vasaorden.com\/goteborg\/wp-json\/wp\/v2\/users\/5"}],"replies":[{"embeddable":true,"href":"https:\/\/vasaorden.com\/goteborg\/wp-json\/wp\/v2\/comments?post=1446"}],"version-history":[{"count":3,"href":"https:\/\/vasaorden.com\/goteborg\/wp-json\/wp\/v2\/pages\/1446\/revisions"}],"predecessor-version":[{"id":1716,"href":"https:\/\/vasaorden.com\/goteborg\/wp-json\/wp\/v2\/pages\/1446\/revisions\/1716"}],"wp:attachment":[{"href":"https:\/\/vasaorden.com\/goteborg\/wp-json\/wp\/v2\/media?parent=1446"}],"curies":[{"name":"wp","href":"https:\/\/api.w.org\/{rel}","templated":true}]}}