{"id":1442,"date":"2021-02-23T17:39:21","date_gmt":"2021-02-23T15:39:21","guid":{"rendered":"http:\/\/bu2022.vasaorden.com\/goteborg\/?page_id=1442"},"modified":"2022-09-04T20:58:25","modified_gmt":"2022-09-04T18:58:25","slug":"handelser-ar-2018","status":"publish","type":"page","link":"https:\/\/vasaorden.com\/goteborg\/handelser-ar-2018\/","title":{"rendered":"H\u00e4ndelser \u00e5r 2018"},"content":{"rendered":"\n<p><br><strong>Utflykt till H\u00f6n\u00f6<\/strong><\/p>\n\n\n\n<p>Rapport fr\u00e5n utflykten till H\u00f6n\u00f6,<strong> <a href=\"https:\/\/vasaorden.com\/goteborg\/wp-content\/uploads\/sites\/2\/2018\/08\/Utflykt-Hono.pdf\">Utflykt till H\u00f6n\u00f6 Kl\u00e5va<\/a><\/strong><\/p>\n\n\n\n<p><strong><br><\/strong><br><strong>S\u00e5 firade vi 4:e juli!<\/strong><\/p>\n\n\n\n<p>Rapport fr\u00e5n firandet, <strong><a href=\"https:\/\/vasaorden.com\/goteborg\/wp-content\/uploads\/sites\/2\/2018\/07\/VOA-LL452-Goteborg-4-juli-2018.pdf\">VOA LL452 G\u00f6teborg 4 juli 2018<\/a><\/strong><\/p>\n\n\n\n<p><br><strong>Bes\u00f6k hos Judiska F\u00f6rsamlingen och deras Synagoga<\/strong><\/p>\n\n\n\n<p>Logen har varit p\u00e5 bes\u00f6k i Synagogan i G\u00f6teborg och logemedlemmar fr\u00e5n Kongah\u00e4lla deltog ocks\u00e5.<br>Dan Fibert i Judiska f\u00f6rsamlingen visade oss runt och ber\u00e4ttade om Synagogan och om deras religion samt om minnesmonumentet som \u00e4r rest p\u00e5 uteg\u00e5rden.<\/p>\n\n\n\n<p><a href=\"https:\/\/vasaorden.com\/goteborg\/wp-content\/uploads\/sites\/2\/2018\/03\/Goteborgs-Synagoga.pdf\">G\u00f6teborgs Synagoga<\/a><\/p>\n\n\n<div class=\"wp-block-image\">\n<figure class=\"alignleft size-full is-resized\"><a href=\"https:\/\/vasaorden.com\/goteborg\/wp-content\/uploads\/sites\/2\/2018\/03\/synagoga_kanalen.jpg\"><img loading=\"lazy\" src=\"https:\/\/vasaorden.com\/goteborg\/wp-content\/uploads\/sites\/2\/2018\/03\/synagoga_kanalen.jpg\" alt=\"\" class=\"wp-image-1241\" width=\"600\" height=\"329\" srcset=\"https:\/\/vasaorden.com\/goteborg\/wp-content\/uploads\/sites\/2\/2018\/03\/synagoga_kanalen.jpg 1200w, https:\/\/vasaorden.com\/goteborg\/wp-content\/uploads\/sites\/2\/2018\/03\/synagoga_kanalen-300x164.jpg 300w, https:\/\/vasaorden.com\/goteborg\/wp-content\/uploads\/sites\/2\/2018\/03\/synagoga_kanalen-1024x561.jpg 1024w, https:\/\/vasaorden.com\/goteborg\/wp-content\/uploads\/sites\/2\/2018\/03\/synagoga_kanalen-768x420.jpg 768w\" sizes=\"(max-width: 600px) 100vw, 600px\" \/><\/a><figcaption>Synagogan p\u00e5 Stora Nygatan<\/figcaption><\/figure><\/div>\n\n\n<p><br><br><br><br><br><br><br><br><br><br><br><br><br><br><br><br><strong>Tj\u00e4nstemannatr\u00e4ff 2018<\/strong><\/p>\n\n\n<div class=\"wp-block-image\">\n<figure class=\"alignleft size-full is-resized\"><a href=\"https:\/\/vasaorden.com\/goteborg\/wp-content\/uploads\/sites\/2\/2018\/02\/LL-GBG-2018.jpg\"><img loading=\"lazy\" src=\"https:\/\/vasaorden.com\/goteborg\/wp-content\/uploads\/sites\/2\/2018\/02\/LL-GBG-2018-scaled.jpg\" alt=\"\" class=\"wp-image-1178\" width=\"640\" height=\"480\" srcset=\"https:\/\/vasaorden.com\/goteborg\/wp-content\/uploads\/sites\/2\/2018\/02\/LL-GBG-2018-scaled.jpg 2560w, https:\/\/vasaorden.com\/goteborg\/wp-content\/uploads\/sites\/2\/2018\/02\/LL-GBG-2018-300x225.jpg 300w, https:\/\/vasaorden.com\/goteborg\/wp-content\/uploads\/sites\/2\/2018\/02\/LL-GBG-2018-1024x768.jpg 1024w, https:\/\/vasaorden.com\/goteborg\/wp-content\/uploads\/sites\/2\/2018\/02\/LL-GBG-2018-768x576.jpg 768w, https:\/\/vasaorden.com\/goteborg\/wp-content\/uploads\/sites\/2\/2018\/02\/LL-GBG-2018-1536x1152.jpg 1536w, https:\/\/vasaorden.com\/goteborg\/wp-content\/uploads\/sites\/2\/2018\/02\/LL-GBG-2018-2048x1536.jpg 2048w\" sizes=\"(max-width: 640px) 100vw, 640px\" \/><\/a><figcaption>Under tak\u00e5sarna i Linn\u00e9staden tr\u00e4ffades logens ny- och omvalda tj\u00e4nstem\u00e4n tillsammans med tidigare tj\u00e4nstem\u00e4n. Vi l\u00e4rde k\u00e4nna varandra, delgav varandra erfarenheter och talade om logens framtid. <br>Trevlig atmosf\u00e4r och god italiensk buff\u00e9 blev kryddan p\u00e5 aftonen.<\/figcaption><\/figure><\/div>\n\n\n<p><br><br><br><br><br><br><br><br><br><br><br><br><br><br><br><br><br><br><br><br><br><br><br><br><br><strong>Logerna Kongah\u00e4lla 702 och G\u00f6teborg 452 Gemensamhetsm\u00f6te<\/strong><\/p>\n\n\n\n<p>S\u00f6ndagen den 25:e februari 2018 hade logerna G\u00f6teborg nr 452 och Kongah\u00e4lla nr 702 ett gemensamt logem\u00f6te i Coldin Ordens lokaler p\u00e5 Bellmansgatan 7-9 i G\u00f6teborg. Efter\u00e5t serverades med en mycket god trer\u00e4tters middag. Musikunderh\u00e5llningen stod &#8221;BENGTS&#8221; Bengt \u00c5kerberg f\u00f6r, som spelade och underh\u00f6ll \u201dp\u00e5 beg\u00e4ran\u201d. Marianne Andersson, logen Kongah\u00e4lla \u00e4r G\u00f6teborgslogens DD och hon ber\u00e4ttade om emigrationen fr\u00e5n Sverige runt \u00e5r 1867.<\/p>\n\n\n\n<p><a href=\"https:\/\/vasaorden.com\/goteborg\/wp-content\/uploads\/sites\/2\/2018\/02\/Bildgalleri-gemensamhets-motet-2018-02-25.pdf\">Bildgalleri gemensamhetsm\u00f6tet 2018-02-25<\/a><\/p>\n","protected":false},"excerpt":{"rendered":"<p>Utflykt till H\u00f6n\u00f6 Rapport fr\u00e5n utflykten till H\u00f6n\u00f6, Utflykt till H\u00f6n\u00f6 Kl\u00e5va S\u00e5 firade vi 4:e juli! Rapport fr\u00e5n firandet, VOA LL452 G\u00f6teborg 4 juli 2018 Bes\u00f6k hos Judiska F\u00f6rsamlingen och deras Synagoga Logen har varit p\u00e5 bes\u00f6k i Synagogan i G\u00f6teborg och logemedlemmar fr\u00e5n Kongah\u00e4lla deltog ocks\u00e5.Dan Fibert i Judiska f\u00f6rsamlingen visade oss runt [&hellip;]<\/p>\n","protected":false},"author":5,"featured_media":0,"parent":0,"menu_order":0,"comment_status":"closed","ping_status":"closed","template":"","meta":{"ngg_post_thumbnail":0,"ocean_post_layout":"","ocean_both_sidebars_style":"","ocean_both_sidebars_content_width":0,"ocean_both_sidebars_sidebars_width":0,"ocean_sidebar":"0","ocean_second_sidebar":"0","ocean_disable_margins":"enable","ocean_add_body_class":"","ocean_shortcode_before_top_bar":"","ocean_shortcode_after_top_bar":"","ocean_shortcode_before_header":"","ocean_shortcode_after_header":"","ocean_has_shortcode":"","ocean_shortcode_after_title":"","ocean_shortcode_before_footer_widgets":"","ocean_shortcode_after_footer_widgets":"","ocean_shortcode_before_footer_bottom":"","ocean_shortcode_after_footer_bottom":"","ocean_display_top_bar":"default","ocean_display_header":"default","ocean_header_style":"","ocean_center_header_left_menu":"0","ocean_custom_header_template":"0","ocean_custom_logo":0,"ocean_custom_retina_logo":0,"ocean_custom_logo_max_width":0,"ocean_custom_logo_tablet_max_width":0,"ocean_custom_logo_mobile_max_width":0,"ocean_custom_logo_max_height":0,"ocean_custom_logo_tablet_max_height":0,"ocean_custom_logo_mobile_max_height":0,"ocean_header_custom_menu":"0","ocean_menu_typo_font_family":"0","ocean_menu_typo_font_subset":"","ocean_menu_typo_font_size":0,"ocean_menu_typo_font_size_tablet":0,"ocean_menu_typo_font_size_mobile":0,"ocean_menu_typo_font_size_unit":"px","ocean_menu_typo_font_weight":"","ocean_menu_typo_font_weight_tablet":"","ocean_menu_typo_font_weight_mobile":"","ocean_menu_typo_transform":"","ocean_menu_typo_transform_tablet":"","ocean_menu_typo_transform_mobile":"","ocean_menu_typo_line_height":0,"ocean_menu_typo_line_height_tablet":0,"ocean_menu_typo_line_height_mobile":0,"ocean_menu_typo_line_height_unit":"","ocean_menu_typo_spacing":0,"ocean_menu_typo_spacing_tablet":0,"ocean_menu_typo_spacing_mobile":0,"ocean_menu_typo_spacing_unit":"","ocean_menu_link_color":"","ocean_menu_link_color_hover":"","ocean_menu_link_color_active":"","ocean_menu_link_background":"","ocean_menu_link_hover_background":"","ocean_menu_link_active_background":"","ocean_menu_social_links_bg":"","ocean_menu_social_hover_links_bg":"","ocean_menu_social_links_color":"","ocean_menu_social_hover_links_color":"","ocean_disable_title":"default","ocean_disable_heading":"default","ocean_post_title":"","ocean_post_subheading":"","ocean_post_title_style":"","ocean_post_title_background_color":"","ocean_post_title_background":0,"ocean_post_title_bg_image_position":"","ocean_post_title_bg_image_attachment":"","ocean_post_title_bg_image_repeat":"","ocean_post_title_bg_image_size":"","ocean_post_title_height":0,"ocean_post_title_bg_overlay":0.5,"ocean_post_title_bg_overlay_color":"","ocean_disable_breadcrumbs":"default","ocean_breadcrumbs_color":"","ocean_breadcrumbs_separator_color":"","ocean_breadcrumbs_links_color":"","ocean_breadcrumbs_links_hover_color":"","ocean_display_footer_widgets":"default","ocean_display_footer_bottom":"default","ocean_custom_footer_template":"0"},"_links":{"self":[{"href":"https:\/\/vasaorden.com\/goteborg\/wp-json\/wp\/v2\/pages\/1442"}],"collection":[{"href":"https:\/\/vasaorden.com\/goteborg\/wp-json\/wp\/v2\/pages"}],"about":[{"href":"https:\/\/vasaorden.com\/goteborg\/wp-json\/wp\/v2\/types\/page"}],"author":[{"embeddable":true,"href":"https:\/\/vasaorden.com\/goteborg\/wp-json\/wp\/v2\/users\/5"}],"replies":[{"embeddable":true,"href":"https:\/\/vasaorden.com\/goteborg\/wp-json\/wp\/v2\/comments?post=1442"}],"version-history":[{"count":2,"href":"https:\/\/vasaorden.com\/goteborg\/wp-json\/wp\/v2\/pages\/1442\/revisions"}],"predecessor-version":[{"id":1735,"href":"https:\/\/vasaorden.com\/goteborg\/wp-json\/wp\/v2\/pages\/1442\/revisions\/1735"}],"wp:attachment":[{"href":"https:\/\/vasaorden.com\/goteborg\/wp-json\/wp\/v2\/media?parent=1442"}],"curies":[{"name":"wp","href":"https:\/\/api.w.org\/{rel}","templated":true}]}}