{"id":492,"date":"2012-02-11T22:53:06","date_gmt":"2012-02-11T20:53:06","guid":{"rendered":"http:\/\/bu2022.vasaorden.com\/boras\/?page_id=6"},"modified":"2022-09-21T11:28:56","modified_gmt":"2022-09-21T09:28:56","slug":"startsidan","status":"publish","type":"page","link":"https:\/\/vasaorden.com\/enkoping\/","title":{"rendered":"Startsidan"},"content":{"rendered":"<h3 align=\"left\"><strong><a href=\"https:\/\/vasaorden.com\/enkoping\/wp-content\/uploads\/sites\/15\/2012\/02\/kl9a_large.jpg\"><img loading=\"lazy\" class=\"alignleft wp-image-75\" src=\"https:\/\/vasaorden.com\/enkoping\/wp-content\/uploads\/sites\/15\/2012\/02\/kl9a_large-300x199.jpg\" alt=\"Dr\u00f6mparken i Enk\u00f6ping\" width=\"287\" height=\"189\"><\/a><\/strong><strong>V\u00e4lkommen till Logen Enk\u00f6ping nr 646<\/strong><\/h3>\n<p align=\"left\"><strong>&nbsp;Logen stiftades den 9 april 1960<\/strong><br \/>\nVi \u00e4r en av Vasa Orden av Amerikas&nbsp;25 lokalloger inom Distriktsloge 19 i&nbsp;Sverige med ett 50-tal medlemmar i enk\u00f6pingsomr\u00e5det. Vi samlas till olika&nbsp; kulturella&nbsp;aktiviteter och trevlig samvaro vid sex till \u00e5tta logem\u00f6ten per \u00e5r.<br \/>\nVasa Orden av Amerika \u00e4r inte bara kultur. Det finns ocks\u00e5 mycket av fester och underh\u00e5llning. Logeaftnar blandas med olika slags program: f\u00f6redrag, filmer, upptr\u00e4danden och tr\u00e4ffar under trevliga former.<br \/>\nUtflykter i glada v\u00e4nners lag, antingen till trevliga och intressanta m\u00e5l eller till en grannloge, som har n\u00e5got festligt program.<\/p>\n<p>I kontakterna med Vasa Orden i Amerika har vi&nbsp; v\u00e5ra&nbsp;fem v\u00e4nloger:<\/p>\n<ul>\n<li>Desert Viking Lodge Nr 682, Palm Springs, Carlifonia<\/li>\n<li>Bishop Hill Lodge Nr 683, Bishop Hill, Illinois<\/li>\n<li>Solidaritet Lodge Nr 396, Mount Vernon, Washington State<\/li>\n<li>Linde Lodge Nr 492, New Berlin, Wisconsin<\/li>\n<\/ul>\n<p align=\"left\">Vill du veta mer om v\u00e5r verksamhet, titta in p\u00e5 v\u00e5ra \u00f6vriga sidor och p\u00e5 Distriktslogen.<\/p>\n","protected":false},"excerpt":{"rendered":"<p>V\u00e4lkommen till Logen Enk\u00f6ping nr 646 &nbsp;Logen stiftades den 9 april 1960 Vi \u00e4r en av Vasa Orden av Amerikas&nbsp;25 lokalloger inom Distriktsloge 19 i&nbsp;Sverige med ett 50-tal medlemmar i enk\u00f6pingsomr\u00e5det. Vi samlas till olika&nbsp; kulturella&nbsp;aktiviteter och trevlig samvaro vid sex till \u00e5tta logem\u00f6ten per \u00e5r. Vasa Orden av Amerika \u00e4r inte bara kultur. Det [&hellip;]<\/p>\n","protected":false},"author":30,"featured_media":0,"parent":0,"menu_order":0,"comment_status":"closed","ping_status":"closed","template":"","meta":{"ngg_post_thumbnail":0,"ocean_post_layout":"","ocean_both_sidebars_style":"","ocean_both_sidebars_content_width":0,"ocean_both_sidebars_sidebars_width":0,"ocean_sidebar":"0","ocean_second_sidebar":"0","ocean_disable_margins":"enable","ocean_add_body_class":"","ocean_shortcode_before_top_bar":"","ocean_shortcode_after_top_bar":"","ocean_shortcode_before_header":"","ocean_shortcode_after_header":"","ocean_has_shortcode":"","ocean_shortcode_after_title":"","ocean_shortcode_before_footer_widgets":"","ocean_shortcode_after_footer_widgets":"","ocean_shortcode_before_footer_bottom":"","ocean_shortcode_after_footer_bottom":"","ocean_display_top_bar":"default","ocean_display_header":"default","ocean_header_style":"","ocean_center_header_left_menu":"0","ocean_custom_header_template":"0","ocean_custom_logo":0,"ocean_custom_retina_logo":0,"ocean_custom_logo_max_width":0,"ocean_custom_logo_tablet_max_width":0,"ocean_custom_logo_mobile_max_width":0,"ocean_custom_logo_max_height":0,"ocean_custom_logo_tablet_max_height":0,"ocean_custom_logo_mobile_max_height":0,"ocean_header_custom_menu":"0","ocean_menu_typo_font_family":"0","ocean_menu_typo_font_subset":"","ocean_menu_typo_font_size":0,"ocean_menu_typo_font_size_tablet":0,"ocean_menu_typo_font_size_mobile":0,"ocean_menu_typo_font_size_unit":"px","ocean_menu_typo_font_weight":"","ocean_menu_typo_font_weight_tablet":"","ocean_menu_typo_font_weight_mobile":"","ocean_menu_typo_transform":"","ocean_menu_typo_transform_tablet":"","ocean_menu_typo_transform_mobile":"","ocean_menu_typo_line_height":0,"ocean_menu_typo_line_height_tablet":0,"ocean_menu_typo_line_height_mobile":0,"ocean_menu_typo_line_height_unit":"","ocean_menu_typo_spacing":0,"ocean_menu_typo_spacing_tablet":0,"ocean_menu_typo_spacing_mobile":0,"ocean_menu_typo_spacing_unit":"","ocean_menu_link_color":"","ocean_menu_link_color_hover":"","ocean_menu_link_color_active":"","ocean_menu_link_background":"","ocean_menu_link_hover_background":"","ocean_menu_link_active_background":"","ocean_menu_social_links_bg":"","ocean_menu_social_hover_links_bg":"","ocean_menu_social_links_color":"","ocean_menu_social_hover_links_color":"","ocean_disable_title":"default","ocean_disable_heading":"default","ocean_post_title":"","ocean_post_subheading":"","ocean_post_title_style":"","ocean_post_title_background_color":"","ocean_post_title_background":0,"ocean_post_title_bg_image_position":"","ocean_post_title_bg_image_attachment":"","ocean_post_title_bg_image_repeat":"","ocean_post_title_bg_image_size":"","ocean_post_title_height":0,"ocean_post_title_bg_overlay":0.5,"ocean_post_title_bg_overlay_color":"","ocean_disable_breadcrumbs":"default","ocean_breadcrumbs_color":"","ocean_breadcrumbs_separator_color":"","ocean_breadcrumbs_links_color":"","ocean_breadcrumbs_links_hover_color":"","ocean_display_footer_widgets":"default","ocean_display_footer_bottom":"default","ocean_custom_footer_template":"0"},"_links":{"self":[{"href":"https:\/\/vasaorden.com\/enkoping\/wp-json\/wp\/v2\/pages\/492"}],"collection":[{"href":"https:\/\/vasaorden.com\/enkoping\/wp-json\/wp\/v2\/pages"}],"about":[{"href":"https:\/\/vasaorden.com\/enkoping\/wp-json\/wp\/v2\/types\/page"}],"author":[{"embeddable":true,"href":"https:\/\/vasaorden.com\/enkoping\/wp-json\/wp\/v2\/users\/30"}],"replies":[{"embeddable":true,"href":"https:\/\/vasaorden.com\/enkoping\/wp-json\/wp\/v2\/comments?post=492"}],"version-history":[{"count":3,"href":"https:\/\/vasaorden.com\/enkoping\/wp-json\/wp\/v2\/pages\/492\/revisions"}],"predecessor-version":[{"id":534,"href":"https:\/\/vasaorden.com\/enkoping\/wp-json\/wp\/v2\/pages\/492\/revisions\/534"}],"wp:attachment":[{"href":"https:\/\/vasaorden.com\/enkoping\/wp-json\/wp\/v2\/media?parent=492"}],"curies":[{"name":"wp","href":"https:\/\/api.w.org\/{rel}","templated":true}]}}