{"id":18,"date":"2012-02-13T20:46:52","date_gmt":"2012-02-13T20:46:52","guid":{"rendered":"http:\/\/bu2022.vasaorden.com\/enkoping\/?page_id=18"},"modified":"2012-02-13T20:46:52","modified_gmt":"2012-02-13T20:46:52","slug":"historik","status":"publish","type":"page","link":"https:\/\/vasaorden.com\/enkoping\/historik\/","title":{"rendered":"Historik"},"content":{"rendered":"<p><strong>Logen stiftades den 9 april 1960.<\/strong><br \/>\nDen 10 februari 1960 samlades sex stycken f\u00f6rv\u00e4ntansfulla Enk\u00f6pingsbor p\u00e5 &#8221;Elsas konditori&#8221; i Enk\u00f6ping. I konditoriets \u00f6verv\u00e5ning fanns utrymme som l\u00e4mpade sig f\u00f6r mindre sammantr\u00e4den.<br \/>\nSakkunniga hade \u00e4ven infunnit sig fr\u00e5n logen Engelbrekt nr 619, V\u00e4ster\u00e5s samt fr\u00e5n logen K\u00e4rnan nr 608, Helsingborg. Under m\u00f6tet best\u00e4mdes att instiftande av logen Enk\u00f6ping nr 646 skulle ske i samband med logen Engelbrekt nr 619:s \u00e5rsfest den 9 april 1960 i V\u00e4ster\u00e5s.<\/p>\n<p align=\"left\">Under de f\u00f6rsta \u00e5ren \u00e4gde sedan sammantr\u00e4darna rum p\u00e5 Enk\u00f6pings stadshotell och under 1962 uppsattes en skylt med Vasaorden vid stadshotellets entr\u00e9. \u00c5rsavgiften var d\u00e5 25:-<br \/>\n1965 flyttade verksamheten fr\u00e5n stadshotellet till Hotell G\u00e4stis. Nu b\u00f6rjade dr\u00f6mmen om egna lokaler att ta form och 1968 hyrde man en lokal p\u00e5 Sandgatan 40. Efter 2 \u00e5r l\u00e4mnade man dessa lokaler och flyttade verksamheten till Hantverksf\u00f6reningens lokaler d\u00e4r man verkade fram till \u00e5r 1985 d\u00e5 man flyttade \u00f6ver till Odd Fellows lokal p\u00e5 K\u00e4llgatan 23.<\/p>\n<p align=\"left\">F\u00f6r att s\u00e4kra en organisations framtid ins\u00e5g Orden ganska snart att man m\u00e5ste intressera yngre m\u00e4nniskor f\u00f6r verksamheten. D\u00e4rf\u00f6r bildades 1967 en ungdomsloge vid namn Club Americana nr 169. Ungdomslogen bestod av naturliga sk\u00e4l mest av skolungdomar och n\u00e4r dessa sedan avslutat sin skolg\u00e5ng i Enk\u00f6ping flyttade de flesta aktiva medlemmarna till andra orter och verksamheten lades ner efter 4-5 \u00e5r.<\/p>\n<p align=\"left\">Genom ett samarbete 1979 mellan logen Enk\u00f6ping nr 646 och Lagunda hembygdsf\u00f6rening kunde en minnessten resas \u00f6ver Eric Jansson som 1846 grundade Bishop Hill Colony i Illinois , USA. Minnesstenen avt\u00e4cktes p\u00e5 den plats i Landsberga gamla bondby i Biskops kulla socken mellan Enk\u00f6ping och Uppsala d\u00e4r Eric Jansson f\u00f6ddes \u00e5r 1808.<\/p>\n<p align=\"left\">Tillsammans med Logen Upsala nr 623 utformades ett f\u00f6rslag till en reliefkarta \u00f6ver Sverige med samtliga lokalloger utm\u00e4rkta. Konstn\u00e4ren G\u00f6ran Lacksell utf\u00f6rde modellen, vilken st\u00e4lldes ut p\u00e5 Enk\u00f6pings museum 1994, var efter den f\u00f6rdes vidare till USA. Idag finns Sverigemodellen att besk\u00e5da i Vasa arkivet i Bishop Hill.<\/p>\n<p align=\"left\">I samband med firandet av logens 35-\u00e5riga tillvaro lyckades man f\u00e5 \u00c5SA dvs \u00e5rets svensk Amerikan 1995 Mr Richard Oldenburg med hustru att bes\u00f6ka staden. \u00c4ven 2010 hade logen bes\u00f6k av \u00c5SA, Mr John Norton. V\u00e4rd f\u00f6r denna dag var Enk\u00f6pings kommun.<\/p>\n<p align=\"left\">\u00a0Medlemmarna i logen Enk\u00f6ping har under \u00e5ren haft ett gott utbyte med andra loger och \u00e4ven god kontakt med ett antal loger i USA.<br \/>\nV\u00e5ra v\u00e4nloger i USA \u00e4r Desert Viking nr 682, Palm Spring, Kalifornien, Bishop Hill nr 683, Bishop Hill, Illinois samt Solidaritet nr 396, Mount Vernon, Washington State.<br \/>\nLogen Enk\u00f6ping har \u00e4ven kontakt med andra loger i Amerika exempel vis i Chicago, Denver, Milwaukee och Kansas City.<\/p>\n<p align=\"left\">I samband med logens 50-\u00e5rsjubileum 2010\u00a0hyllades 5 medlemmar som varit med sedan start\u00e5ret 1960: Kerstin och Thore Gryse, Ingrid och Alan Tammerfors samt Inga-Britt Nyberg. Jubil\u00e9et bes\u00f6ktes av 11 svenska loger fr\u00e5n Sundsvall i norr till Lidk\u00f6ping i s\u00f6der.<\/p>\n","protected":false},"excerpt":{"rendered":"<p>Logen stiftades den 9 april 1960. Den 10 februari 1960 samlades sex stycken f\u00f6rv\u00e4ntansfulla Enk\u00f6pingsbor p\u00e5 &#8221;Elsas konditori&#8221; i Enk\u00f6ping. I konditoriets \u00f6verv\u00e5ning fanns utrymme som l\u00e4mpade sig f\u00f6r mindre sammantr\u00e4den. Sakkunniga hade \u00e4ven infunnit sig fr\u00e5n logen Engelbrekt nr 619, V\u00e4ster\u00e5s samt fr\u00e5n logen K\u00e4rnan nr 608, Helsingborg. Under m\u00f6tet best\u00e4mdes att instiftande av [&hellip;]<\/p>\n","protected":false},"author":31,"featured_media":0,"parent":0,"menu_order":0,"comment_status":"closed","ping_status":"closed","template":"","meta":{"ngg_post_thumbnail":0,"ocean_post_layout":"","ocean_both_sidebars_style":"","ocean_both_sidebars_content_width":0,"ocean_both_sidebars_sidebars_width":0,"ocean_sidebar":"","ocean_second_sidebar":"","ocean_disable_margins":"enable","ocean_add_body_class":"","ocean_shortcode_before_top_bar":"","ocean_shortcode_after_top_bar":"","ocean_shortcode_before_header":"","ocean_shortcode_after_header":"","ocean_has_shortcode":"","ocean_shortcode_after_title":"","ocean_shortcode_before_footer_widgets":"","ocean_shortcode_after_footer_widgets":"","ocean_shortcode_before_footer_bottom":"","ocean_shortcode_after_footer_bottom":"","ocean_display_top_bar":"default","ocean_display_header":"default","ocean_header_style":"","ocean_center_header_left_menu":"","ocean_custom_header_template":"","ocean_custom_logo":0,"ocean_custom_retina_logo":0,"ocean_custom_logo_max_width":0,"ocean_custom_logo_tablet_max_width":0,"ocean_custom_logo_mobile_max_width":0,"ocean_custom_logo_max_height":0,"ocean_custom_logo_tablet_max_height":0,"ocean_custom_logo_mobile_max_height":0,"ocean_header_custom_menu":"","ocean_menu_typo_font_family":"","ocean_menu_typo_font_subset":"","ocean_menu_typo_font_size":0,"ocean_menu_typo_font_size_tablet":0,"ocean_menu_typo_font_size_mobile":0,"ocean_menu_typo_font_size_unit":"px","ocean_menu_typo_font_weight":"","ocean_menu_typo_font_weight_tablet":"","ocean_menu_typo_font_weight_mobile":"","ocean_menu_typo_transform":"","ocean_menu_typo_transform_tablet":"","ocean_menu_typo_transform_mobile":"","ocean_menu_typo_line_height":0,"ocean_menu_typo_line_height_tablet":0,"ocean_menu_typo_line_height_mobile":0,"ocean_menu_typo_line_height_unit":"","ocean_menu_typo_spacing":0,"ocean_menu_typo_spacing_tablet":0,"ocean_menu_typo_spacing_mobile":0,"ocean_menu_typo_spacing_unit":"","ocean_menu_link_color":"","ocean_menu_link_color_hover":"","ocean_menu_link_color_active":"","ocean_menu_link_background":"","ocean_menu_link_hover_background":"","ocean_menu_link_active_background":"","ocean_menu_social_links_bg":"","ocean_menu_social_hover_links_bg":"","ocean_menu_social_links_color":"","ocean_menu_social_hover_links_color":"","ocean_disable_title":"default","ocean_disable_heading":"default","ocean_post_title":"","ocean_post_subheading":"","ocean_post_title_style":"","ocean_post_title_background_color":"","ocean_post_title_background":0,"ocean_post_title_bg_image_position":"","ocean_post_title_bg_image_attachment":"","ocean_post_title_bg_image_repeat":"","ocean_post_title_bg_image_size":"","ocean_post_title_height":0,"ocean_post_title_bg_overlay":0.5,"ocean_post_title_bg_overlay_color":"","ocean_disable_breadcrumbs":"default","ocean_breadcrumbs_color":"","ocean_breadcrumbs_separator_color":"","ocean_breadcrumbs_links_color":"","ocean_breadcrumbs_links_hover_color":"","ocean_display_footer_widgets":"default","ocean_display_footer_bottom":"default","ocean_custom_footer_template":""},"_links":{"self":[{"href":"https:\/\/vasaorden.com\/enkoping\/wp-json\/wp\/v2\/pages\/18"}],"collection":[{"href":"https:\/\/vasaorden.com\/enkoping\/wp-json\/wp\/v2\/pages"}],"about":[{"href":"https:\/\/vasaorden.com\/enkoping\/wp-json\/wp\/v2\/types\/page"}],"author":[{"embeddable":true,"href":"https:\/\/vasaorden.com\/enkoping\/wp-json\/wp\/v2\/users\/31"}],"replies":[{"embeddable":true,"href":"https:\/\/vasaorden.com\/enkoping\/wp-json\/wp\/v2\/comments?post=18"}],"version-history":[{"count":1,"href":"https:\/\/vasaorden.com\/enkoping\/wp-json\/wp\/v2\/pages\/18\/revisions"}],"predecessor-version":[{"id":517,"href":"https:\/\/vasaorden.com\/enkoping\/wp-json\/wp\/v2\/pages\/18\/revisions\/517"}],"wp:attachment":[{"href":"https:\/\/vasaorden.com\/enkoping\/wp-json\/wp\/v2\/media?parent=18"}],"curies":[{"name":"wp","href":"https:\/\/api.w.org\/{rel}","templated":true}]}}