{"id":2890,"date":"2023-09-25T20:58:59","date_gmt":"2023-09-25T18:58:59","guid":{"rendered":"https:\/\/vasaorden.com\/boras\/?page_id=2890"},"modified":"2023-09-25T20:59:01","modified_gmt":"2023-09-25T18:59:01","slug":"hostutflykt-till-agarden-den-2-september","status":"publish","type":"page","link":"https:\/\/vasaorden.com\/boras\/hostutflykt-till-agarden-den-2-september\/","title":{"rendered":"H\u00f6stutflykt till \u00c5g\u00e5rden den 2 september"},"content":{"rendered":"\n<p><strong>I str\u00e5lande solsken och h\u00e4rlig v\u00e4rm och mycket god mat trivdes vi p\u00e5 logens utflykt till \u00c5g\u00e5rden.<\/strong> <br>Fotograferna H\u00e5kan och Charlotte dokumenterade dagen med detta bildgalleri.<\/p>\n\n\n\n<p><\/p>\n\n\n\n<figure class=\"wp-container-2 wp-block-gallery-1 wp-block-gallery has-nested-images columns-default is-cropped\">\n<figure class=\"wp-block-image size-large\"><img loading=\"lazy\" width=\"2560\" height=\"1920\" data-id=\"2891\"  src=\"https:\/\/vasaorden.com\/boras\/wp-content\/uploads\/sites\/3\/2023\/09\/20230902_135522-scaled.jpg\" alt=\"\" class=\"wp-image-2891\" srcset=\"https:\/\/vasaorden.com\/boras\/wp-content\/uploads\/sites\/3\/2023\/09\/20230902_135522-scaled.jpg 2560w, https:\/\/vasaorden.com\/boras\/wp-content\/uploads\/sites\/3\/2023\/09\/20230902_135522-300x225.jpg 300w, https:\/\/vasaorden.com\/boras\/wp-content\/uploads\/sites\/3\/2023\/09\/20230902_135522-1024x768.jpg 1024w, https:\/\/vasaorden.com\/boras\/wp-content\/uploads\/sites\/3\/2023\/09\/20230902_135522-768x576.jpg 768w, https:\/\/vasaorden.com\/boras\/wp-content\/uploads\/sites\/3\/2023\/09\/20230902_135522-1536x1152.jpg 1536w, https:\/\/vasaorden.com\/boras\/wp-content\/uploads\/sites\/3\/2023\/09\/20230902_135522-2048x1536.jpg 2048w\" sizes=\"(max-width: 2560px) 100vw, 2560px\" \/><\/figure>\n\n\n\n<figure class=\"wp-block-image size-large\"><img loading=\"lazy\" width=\"2560\" height=\"1920\" data-id=\"2903\"  src=\"https:\/\/vasaorden.com\/boras\/wp-content\/uploads\/sites\/3\/2023\/09\/20230902_135540-scaled.jpg\" alt=\"\" class=\"wp-image-2903\" srcset=\"https:\/\/vasaorden.com\/boras\/wp-content\/uploads\/sites\/3\/2023\/09\/20230902_135540-scaled.jpg 2560w, https:\/\/vasaorden.com\/boras\/wp-content\/uploads\/sites\/3\/2023\/09\/20230902_135540-300x225.jpg 300w, https:\/\/vasaorden.com\/boras\/wp-content\/uploads\/sites\/3\/2023\/09\/20230902_135540-1024x768.jpg 1024w, https:\/\/vasaorden.com\/boras\/wp-content\/uploads\/sites\/3\/2023\/09\/20230902_135540-768x576.jpg 768w, https:\/\/vasaorden.com\/boras\/wp-content\/uploads\/sites\/3\/2023\/09\/20230902_135540-1536x1152.jpg 1536w, https:\/\/vasaorden.com\/boras\/wp-content\/uploads\/sites\/3\/2023\/09\/20230902_135540-2048x1536.jpg 2048w\" sizes=\"(max-width: 2560px) 100vw, 2560px\" \/><\/figure>\n\n\n\n<figure class=\"wp-block-image size-large\"><img loading=\"lazy\" width=\"1242\" height=\"822\" data-id=\"2910\"  src=\"https:\/\/vasaorden.com\/boras\/wp-content\/uploads\/sites\/3\/2023\/09\/DSC_0163.jpg\" alt=\"\" class=\"wp-image-2910\" srcset=\"https:\/\/vasaorden.com\/boras\/wp-content\/uploads\/sites\/3\/2023\/09\/DSC_0163.jpg 1242w, https:\/\/vasaorden.com\/boras\/wp-content\/uploads\/sites\/3\/2023\/09\/DSC_0163-300x199.jpg 300w, https:\/\/vasaorden.com\/boras\/wp-content\/uploads\/sites\/3\/2023\/09\/DSC_0163-1024x678.jpg 1024w, https:\/\/vasaorden.com\/boras\/wp-content\/uploads\/sites\/3\/2023\/09\/DSC_0163-768x508.jpg 768w\" sizes=\"(max-width: 1242px) 100vw, 1242px\" \/><\/figure>\n\n\n\n<figure class=\"wp-block-image size-large\"><img loading=\"lazy\" width=\"2560\" height=\"1920\" data-id=\"2902\"  src=\"https:\/\/vasaorden.com\/boras\/wp-content\/uploads\/sites\/3\/2023\/09\/20230902_144522-scaled.jpg\" alt=\"\" class=\"wp-image-2902\" srcset=\"https:\/\/vasaorden.com\/boras\/wp-content\/uploads\/sites\/3\/2023\/09\/20230902_144522-scaled.jpg 2560w, https:\/\/vasaorden.com\/boras\/wp-content\/uploads\/sites\/3\/2023\/09\/20230902_144522-300x225.jpg 300w, https:\/\/vasaorden.com\/boras\/wp-content\/uploads\/sites\/3\/2023\/09\/20230902_144522-1024x768.jpg 1024w, https:\/\/vasaorden.com\/boras\/wp-content\/uploads\/sites\/3\/2023\/09\/20230902_144522-768x576.jpg 768w, https:\/\/vasaorden.com\/boras\/wp-content\/uploads\/sites\/3\/2023\/09\/20230902_144522-1536x1152.jpg 1536w, https:\/\/vasaorden.com\/boras\/wp-content\/uploads\/sites\/3\/2023\/09\/20230902_144522-2048x1536.jpg 2048w\" sizes=\"(max-width: 2560px) 100vw, 2560px\" \/><\/figure>\n\n\n\n<figure class=\"wp-block-image size-large\"><img loading=\"lazy\" width=\"1232\" height=\"816\" data-id=\"2912\"  src=\"https:\/\/vasaorden.com\/boras\/wp-content\/uploads\/sites\/3\/2023\/09\/DSC_0175.jpg\" alt=\"\" class=\"wp-image-2912\" srcset=\"https:\/\/vasaorden.com\/boras\/wp-content\/uploads\/sites\/3\/2023\/09\/DSC_0175.jpg 1232w, https:\/\/vasaorden.com\/boras\/wp-content\/uploads\/sites\/3\/2023\/09\/DSC_0175-300x199.jpg 300w, https:\/\/vasaorden.com\/boras\/wp-content\/uploads\/sites\/3\/2023\/09\/DSC_0175-1024x678.jpg 1024w, https:\/\/vasaorden.com\/boras\/wp-content\/uploads\/sites\/3\/2023\/09\/DSC_0175-768x509.jpg 768w\" sizes=\"(max-width: 1232px) 100vw, 1232px\" \/><\/figure>\n\n\n\n<figure class=\"wp-block-image size-large\"><img loading=\"lazy\" width=\"1232\" height=\"816\" data-id=\"2913\"  src=\"https:\/\/vasaorden.com\/boras\/wp-content\/uploads\/sites\/3\/2023\/09\/DSC_0177.jpg\" alt=\"\" class=\"wp-image-2913\" srcset=\"https:\/\/vasaorden.com\/boras\/wp-content\/uploads\/sites\/3\/2023\/09\/DSC_0177.jpg 1232w, https:\/\/vasaorden.com\/boras\/wp-content\/uploads\/sites\/3\/2023\/09\/DSC_0177-300x199.jpg 300w, https:\/\/vasaorden.com\/boras\/wp-content\/uploads\/sites\/3\/2023\/09\/DSC_0177-1024x678.jpg 1024w, https:\/\/vasaorden.com\/boras\/wp-content\/uploads\/sites\/3\/2023\/09\/DSC_0177-768x509.jpg 768w\" sizes=\"(max-width: 1232px) 100vw, 1232px\" \/><\/figure>\n\n\n\n<figure class=\"wp-block-image size-large\"><img loading=\"lazy\" width=\"2560\" height=\"1920\" data-id=\"2897\"  src=\"https:\/\/vasaorden.com\/boras\/wp-content\/uploads\/sites\/3\/2023\/09\/20230902_144701-scaled.jpg\" alt=\"\" class=\"wp-image-2897\" srcset=\"https:\/\/vasaorden.com\/boras\/wp-content\/uploads\/sites\/3\/2023\/09\/20230902_144701-scaled.jpg 2560w, https:\/\/vasaorden.com\/boras\/wp-content\/uploads\/sites\/3\/2023\/09\/20230902_144701-300x225.jpg 300w, https:\/\/vasaorden.com\/boras\/wp-content\/uploads\/sites\/3\/2023\/09\/20230902_144701-1024x768.jpg 1024w, https:\/\/vasaorden.com\/boras\/wp-content\/uploads\/sites\/3\/2023\/09\/20230902_144701-768x576.jpg 768w, https:\/\/vasaorden.com\/boras\/wp-content\/uploads\/sites\/3\/2023\/09\/20230902_144701-1536x1152.jpg 1536w, https:\/\/vasaorden.com\/boras\/wp-content\/uploads\/sites\/3\/2023\/09\/20230902_144701-2048x1536.jpg 2048w\" sizes=\"(max-width: 2560px) 100vw, 2560px\" \/><\/figure>\n\n\n\n<figure class=\"wp-block-image size-large\"><img loading=\"lazy\" width=\"2560\" height=\"1920\" data-id=\"2892\"  src=\"https:\/\/vasaorden.com\/boras\/wp-content\/uploads\/sites\/3\/2023\/09\/20230902_135533-scaled.jpg\" alt=\"\" class=\"wp-image-2892\" srcset=\"https:\/\/vasaorden.com\/boras\/wp-content\/uploads\/sites\/3\/2023\/09\/20230902_135533-scaled.jpg 2560w, https:\/\/vasaorden.com\/boras\/wp-content\/uploads\/sites\/3\/2023\/09\/20230902_135533-300x225.jpg 300w, https:\/\/vasaorden.com\/boras\/wp-content\/uploads\/sites\/3\/2023\/09\/20230902_135533-1024x768.jpg 1024w, https:\/\/vasaorden.com\/boras\/wp-content\/uploads\/sites\/3\/2023\/09\/20230902_135533-768x576.jpg 768w, https:\/\/vasaorden.com\/boras\/wp-content\/uploads\/sites\/3\/2023\/09\/20230902_135533-1536x1152.jpg 1536w, https:\/\/vasaorden.com\/boras\/wp-content\/uploads\/sites\/3\/2023\/09\/20230902_135533-2048x1536.jpg 2048w\" sizes=\"(max-width: 2560px) 100vw, 2560px\" \/><\/figure>\n\n\n\n<figure class=\"wp-block-image size-large\"><img loading=\"lazy\" width=\"2560\" height=\"1920\" data-id=\"2894\"  src=\"https:\/\/vasaorden.com\/boras\/wp-content\/uploads\/sites\/3\/2023\/09\/20230902_135545-scaled.jpg\" alt=\"\" class=\"wp-image-2894\" srcset=\"https:\/\/vasaorden.com\/boras\/wp-content\/uploads\/sites\/3\/2023\/09\/20230902_135545-scaled.jpg 2560w, https:\/\/vasaorden.com\/boras\/wp-content\/uploads\/sites\/3\/2023\/09\/20230902_135545-300x225.jpg 300w, https:\/\/vasaorden.com\/boras\/wp-content\/uploads\/sites\/3\/2023\/09\/20230902_135545-1024x768.jpg 1024w, https:\/\/vasaorden.com\/boras\/wp-content\/uploads\/sites\/3\/2023\/09\/20230902_135545-768x576.jpg 768w, https:\/\/vasaorden.com\/boras\/wp-content\/uploads\/sites\/3\/2023\/09\/20230902_135545-1536x1152.jpg 1536w, https:\/\/vasaorden.com\/boras\/wp-content\/uploads\/sites\/3\/2023\/09\/20230902_135545-2048x1536.jpg 2048w\" sizes=\"(max-width: 2560px) 100vw, 2560px\" \/><\/figure>\n\n\n\n<figure class=\"wp-block-image size-large\"><img loading=\"lazy\" width=\"2560\" height=\"1920\" data-id=\"2896\"  src=\"https:\/\/vasaorden.com\/boras\/wp-content\/uploads\/sites\/3\/2023\/09\/20230902_144630-scaled.jpg\" alt=\"\" class=\"wp-image-2896\" srcset=\"https:\/\/vasaorden.com\/boras\/wp-content\/uploads\/sites\/3\/2023\/09\/20230902_144630-scaled.jpg 2560w, https:\/\/vasaorden.com\/boras\/wp-content\/uploads\/sites\/3\/2023\/09\/20230902_144630-300x225.jpg 300w, https:\/\/vasaorden.com\/boras\/wp-content\/uploads\/sites\/3\/2023\/09\/20230902_144630-1024x768.jpg 1024w, https:\/\/vasaorden.com\/boras\/wp-content\/uploads\/sites\/3\/2023\/09\/20230902_144630-768x576.jpg 768w, https:\/\/vasaorden.com\/boras\/wp-content\/uploads\/sites\/3\/2023\/09\/20230902_144630-1536x1152.jpg 1536w, https:\/\/vasaorden.com\/boras\/wp-content\/uploads\/sites\/3\/2023\/09\/20230902_144630-2048x1536.jpg 2048w\" sizes=\"(max-width: 2560px) 100vw, 2560px\" \/><\/figure>\n\n\n\n<figure class=\"wp-block-image size-large\"><img loading=\"lazy\" width=\"1150\" height=\"816\" data-id=\"2909\"  src=\"https:\/\/vasaorden.com\/boras\/wp-content\/uploads\/sites\/3\/2023\/09\/DSC_0156.jpg\" alt=\"\" class=\"wp-image-2909\" srcset=\"https:\/\/vasaorden.com\/boras\/wp-content\/uploads\/sites\/3\/2023\/09\/DSC_0156.jpg 1150w, https:\/\/vasaorden.com\/boras\/wp-content\/uploads\/sites\/3\/2023\/09\/DSC_0156-300x213.jpg 300w, https:\/\/vasaorden.com\/boras\/wp-content\/uploads\/sites\/3\/2023\/09\/DSC_0156-1024x727.jpg 1024w, https:\/\/vasaorden.com\/boras\/wp-content\/uploads\/sites\/3\/2023\/09\/DSC_0156-768x545.jpg 768w\" sizes=\"(max-width: 1150px) 100vw, 1150px\" \/><\/figure>\n\n\n\n<figure class=\"wp-block-image size-large\"><img loading=\"lazy\" width=\"1232\" height=\"816\" data-id=\"2915\"  src=\"https:\/\/vasaorden.com\/boras\/wp-content\/uploads\/sites\/3\/2023\/09\/DSC_0203.jpg\" alt=\"\" class=\"wp-image-2915\" srcset=\"https:\/\/vasaorden.com\/boras\/wp-content\/uploads\/sites\/3\/2023\/09\/DSC_0203.jpg 1232w, https:\/\/vasaorden.com\/boras\/wp-content\/uploads\/sites\/3\/2023\/09\/DSC_0203-300x199.jpg 300w, https:\/\/vasaorden.com\/boras\/wp-content\/uploads\/sites\/3\/2023\/09\/DSC_0203-1024x678.jpg 1024w, https:\/\/vasaorden.com\/boras\/wp-content\/uploads\/sites\/3\/2023\/09\/DSC_0203-768x509.jpg 768w\" sizes=\"(max-width: 1232px) 100vw, 1232px\" \/><\/figure>\n\n\n\n<figure class=\"wp-block-image size-large\"><img loading=\"lazy\" width=\"1232\" height=\"816\" data-id=\"2911\"  src=\"https:\/\/vasaorden.com\/boras\/wp-content\/uploads\/sites\/3\/2023\/09\/DSC_0172.jpg\" alt=\"\" class=\"wp-image-2911\" srcset=\"https:\/\/vasaorden.com\/boras\/wp-content\/uploads\/sites\/3\/2023\/09\/DSC_0172.jpg 1232w, https:\/\/vasaorden.com\/boras\/wp-content\/uploads\/sites\/3\/2023\/09\/DSC_0172-300x199.jpg 300w, https:\/\/vasaorden.com\/boras\/wp-content\/uploads\/sites\/3\/2023\/09\/DSC_0172-1024x678.jpg 1024w, https:\/\/vasaorden.com\/boras\/wp-content\/uploads\/sites\/3\/2023\/09\/DSC_0172-768x509.jpg 768w\" sizes=\"(max-width: 1232px) 100vw, 1232px\" \/><\/figure>\n\n\n\n<figure class=\"wp-block-image size-large\"><img loading=\"lazy\" width=\"1232\" height=\"816\" data-id=\"2914\"  src=\"https:\/\/vasaorden.com\/boras\/wp-content\/uploads\/sites\/3\/2023\/09\/DSC_0191.jpg\" alt=\"\" class=\"wp-image-2914\" srcset=\"https:\/\/vasaorden.com\/boras\/wp-content\/uploads\/sites\/3\/2023\/09\/DSC_0191.jpg 1232w, https:\/\/vasaorden.com\/boras\/wp-content\/uploads\/sites\/3\/2023\/09\/DSC_0191-300x199.jpg 300w, https:\/\/vasaorden.com\/boras\/wp-content\/uploads\/sites\/3\/2023\/09\/DSC_0191-1024x678.jpg 1024w, https:\/\/vasaorden.com\/boras\/wp-content\/uploads\/sites\/3\/2023\/09\/DSC_0191-768x509.jpg 768w\" sizes=\"(max-width: 1232px) 100vw, 1232px\" \/><\/figure>\n\n\n\n<figure class=\"wp-block-image size-large\"><img loading=\"lazy\" width=\"1232\" height=\"816\" data-id=\"2916\"  src=\"https:\/\/vasaorden.com\/boras\/wp-content\/uploads\/sites\/3\/2023\/09\/DSC_0205.jpg\" alt=\"\" class=\"wp-image-2916\" srcset=\"https:\/\/vasaorden.com\/boras\/wp-content\/uploads\/sites\/3\/2023\/09\/DSC_0205.jpg 1232w, https:\/\/vasaorden.com\/boras\/wp-content\/uploads\/sites\/3\/2023\/09\/DSC_0205-300x199.jpg 300w, https:\/\/vasaorden.com\/boras\/wp-content\/uploads\/sites\/3\/2023\/09\/DSC_0205-1024x678.jpg 1024w, https:\/\/vasaorden.com\/boras\/wp-content\/uploads\/sites\/3\/2023\/09\/DSC_0205-768x509.jpg 768w\" sizes=\"(max-width: 1232px) 100vw, 1232px\" \/><\/figure>\n\n\n\n<figure class=\"wp-block-image size-large\"><img loading=\"lazy\" width=\"2560\" height=\"1920\" data-id=\"2898\"  src=\"https:\/\/vasaorden.com\/boras\/wp-content\/uploads\/sites\/3\/2023\/09\/20230902_153243-scaled.jpg\" alt=\"\" class=\"wp-image-2898\" srcset=\"https:\/\/vasaorden.com\/boras\/wp-content\/uploads\/sites\/3\/2023\/09\/20230902_153243-scaled.jpg 2560w, https:\/\/vasaorden.com\/boras\/wp-content\/uploads\/sites\/3\/2023\/09\/20230902_153243-300x225.jpg 300w, https:\/\/vasaorden.com\/boras\/wp-content\/uploads\/sites\/3\/2023\/09\/20230902_153243-1024x768.jpg 1024w, https:\/\/vasaorden.com\/boras\/wp-content\/uploads\/sites\/3\/2023\/09\/20230902_153243-768x576.jpg 768w, https:\/\/vasaorden.com\/boras\/wp-content\/uploads\/sites\/3\/2023\/09\/20230902_153243-1536x1152.jpg 1536w, https:\/\/vasaorden.com\/boras\/wp-content\/uploads\/sites\/3\/2023\/09\/20230902_153243-2048x1536.jpg 2048w\" sizes=\"(max-width: 2560px) 100vw, 2560px\" \/><\/figure>\n\n\n\n<figure class=\"wp-block-image size-large\"><img loading=\"lazy\" width=\"2560\" height=\"1920\" data-id=\"2895\"  src=\"https:\/\/vasaorden.com\/boras\/wp-content\/uploads\/sites\/3\/2023\/09\/20230902_153322-scaled.jpg\" alt=\"\" class=\"wp-image-2895\" srcset=\"https:\/\/vasaorden.com\/boras\/wp-content\/uploads\/sites\/3\/2023\/09\/20230902_153322-scaled.jpg 2560w, https:\/\/vasaorden.com\/boras\/wp-content\/uploads\/sites\/3\/2023\/09\/20230902_153322-300x225.jpg 300w, https:\/\/vasaorden.com\/boras\/wp-content\/uploads\/sites\/3\/2023\/09\/20230902_153322-1024x768.jpg 1024w, https:\/\/vasaorden.com\/boras\/wp-content\/uploads\/sites\/3\/2023\/09\/20230902_153322-768x576.jpg 768w, https:\/\/vasaorden.com\/boras\/wp-content\/uploads\/sites\/3\/2023\/09\/20230902_153322-1536x1152.jpg 1536w, https:\/\/vasaorden.com\/boras\/wp-content\/uploads\/sites\/3\/2023\/09\/20230902_153322-2048x1536.jpg 2048w\" sizes=\"(max-width: 2560px) 100vw, 2560px\" \/><\/figure>\n\n\n\n<figure class=\"wp-block-image size-large\"><img loading=\"lazy\" width=\"2560\" height=\"1920\" data-id=\"2893\"  src=\"https:\/\/vasaorden.com\/boras\/wp-content\/uploads\/sites\/3\/2023\/09\/20230902_153531-scaled.jpg\" alt=\"\" class=\"wp-image-2893\" srcset=\"https:\/\/vasaorden.com\/boras\/wp-content\/uploads\/sites\/3\/2023\/09\/20230902_153531-scaled.jpg 2560w, https:\/\/vasaorden.com\/boras\/wp-content\/uploads\/sites\/3\/2023\/09\/20230902_153531-300x225.jpg 300w, https:\/\/vasaorden.com\/boras\/wp-content\/uploads\/sites\/3\/2023\/09\/20230902_153531-1024x768.jpg 1024w, https:\/\/vasaorden.com\/boras\/wp-content\/uploads\/sites\/3\/2023\/09\/20230902_153531-768x576.jpg 768w, https:\/\/vasaorden.com\/boras\/wp-content\/uploads\/sites\/3\/2023\/09\/20230902_153531-1536x1152.jpg 1536w, https:\/\/vasaorden.com\/boras\/wp-content\/uploads\/sites\/3\/2023\/09\/20230902_153531-2048x1536.jpg 2048w\" sizes=\"(max-width: 2560px) 100vw, 2560px\" \/><\/figure>\n\n\n\n<figure class=\"wp-block-image size-large\"><img loading=\"lazy\" width=\"2560\" height=\"1920\" data-id=\"2900\"  src=\"https:\/\/vasaorden.com\/boras\/wp-content\/uploads\/sites\/3\/2023\/09\/20230902_153334-scaled.jpg\" alt=\"\" class=\"wp-image-2900\" srcset=\"https:\/\/vasaorden.com\/boras\/wp-content\/uploads\/sites\/3\/2023\/09\/20230902_153334-scaled.jpg 2560w, https:\/\/vasaorden.com\/boras\/wp-content\/uploads\/sites\/3\/2023\/09\/20230902_153334-300x225.jpg 300w, https:\/\/vasaorden.com\/boras\/wp-content\/uploads\/sites\/3\/2023\/09\/20230902_153334-1024x768.jpg 1024w, https:\/\/vasaorden.com\/boras\/wp-content\/uploads\/sites\/3\/2023\/09\/20230902_153334-768x576.jpg 768w, https:\/\/vasaorden.com\/boras\/wp-content\/uploads\/sites\/3\/2023\/09\/20230902_153334-1536x1152.jpg 1536w, https:\/\/vasaorden.com\/boras\/wp-content\/uploads\/sites\/3\/2023\/09\/20230902_153334-2048x1536.jpg 2048w\" sizes=\"(max-width: 2560px) 100vw, 2560px\" \/><\/figure>\n\n\n\n<figure class=\"wp-block-image size-large\"><img loading=\"lazy\" width=\"1232\" height=\"816\" data-id=\"2917\"  src=\"https:\/\/vasaorden.com\/boras\/wp-content\/uploads\/sites\/3\/2023\/09\/DSC_0207.jpg\" alt=\"\" class=\"wp-image-2917\" srcset=\"https:\/\/vasaorden.com\/boras\/wp-content\/uploads\/sites\/3\/2023\/09\/DSC_0207.jpg 1232w, https:\/\/vasaorden.com\/boras\/wp-content\/uploads\/sites\/3\/2023\/09\/DSC_0207-300x199.jpg 300w, https:\/\/vasaorden.com\/boras\/wp-content\/uploads\/sites\/3\/2023\/09\/DSC_0207-1024x678.jpg 1024w, https:\/\/vasaorden.com\/boras\/wp-content\/uploads\/sites\/3\/2023\/09\/DSC_0207-768x509.jpg 768w\" sizes=\"(max-width: 1232px) 100vw, 1232px\" \/><\/figure>\n\n\n\n<figure class=\"wp-block-image size-large\"><img loading=\"lazy\" width=\"2560\" height=\"1920\" data-id=\"2901\"  src=\"https:\/\/vasaorden.com\/boras\/wp-content\/uploads\/sites\/3\/2023\/09\/20230902_165138-scaled.jpg\" alt=\"\" class=\"wp-image-2901\" srcset=\"https:\/\/vasaorden.com\/boras\/wp-content\/uploads\/sites\/3\/2023\/09\/20230902_165138-scaled.jpg 2560w, https:\/\/vasaorden.com\/boras\/wp-content\/uploads\/sites\/3\/2023\/09\/20230902_165138-300x225.jpg 300w, https:\/\/vasaorden.com\/boras\/wp-content\/uploads\/sites\/3\/2023\/09\/20230902_165138-1024x768.jpg 1024w, https:\/\/vasaorden.com\/boras\/wp-content\/uploads\/sites\/3\/2023\/09\/20230902_165138-768x576.jpg 768w, https:\/\/vasaorden.com\/boras\/wp-content\/uploads\/sites\/3\/2023\/09\/20230902_165138-1536x1152.jpg 1536w, https:\/\/vasaorden.com\/boras\/wp-content\/uploads\/sites\/3\/2023\/09\/20230902_165138-2048x1536.jpg 2048w\" sizes=\"(max-width: 2560px) 100vw, 2560px\" \/><\/figure>\n\n\n\n<figure class=\"wp-block-image size-large\"><img loading=\"lazy\" width=\"1920\" height=\"2560\" data-id=\"2899\"  src=\"https:\/\/vasaorden.com\/boras\/wp-content\/uploads\/sites\/3\/2023\/09\/20230902_180026-scaled.jpg\" alt=\"\" class=\"wp-image-2899\" srcset=\"https:\/\/vasaorden.com\/boras\/wp-content\/uploads\/sites\/3\/2023\/09\/20230902_180026-scaled.jpg 1920w, https:\/\/vasaorden.com\/boras\/wp-content\/uploads\/sites\/3\/2023\/09\/20230902_180026-225x300.jpg 225w, https:\/\/vasaorden.com\/boras\/wp-content\/uploads\/sites\/3\/2023\/09\/20230902_180026-768x1024.jpg 768w, https:\/\/vasaorden.com\/boras\/wp-content\/uploads\/sites\/3\/2023\/09\/20230902_180026-1152x1536.jpg 1152w, https:\/\/vasaorden.com\/boras\/wp-content\/uploads\/sites\/3\/2023\/09\/20230902_180026-1536x2048.jpg 1536w\" sizes=\"(max-width: 1920px) 100vw, 1920px\" \/><\/figure>\n\n\n\n<figure class=\"wp-block-image size-large\"><img loading=\"lazy\" width=\"1920\" height=\"2560\" data-id=\"2904\"  src=\"https:\/\/vasaorden.com\/boras\/wp-content\/uploads\/sites\/3\/2023\/09\/20230902_172309-scaled.jpg\" alt=\"\" class=\"wp-image-2904\" srcset=\"https:\/\/vasaorden.com\/boras\/wp-content\/uploads\/sites\/3\/2023\/09\/20230902_172309-scaled.jpg 1920w, https:\/\/vasaorden.com\/boras\/wp-content\/uploads\/sites\/3\/2023\/09\/20230902_172309-225x300.jpg 225w, https:\/\/vasaorden.com\/boras\/wp-content\/uploads\/sites\/3\/2023\/09\/20230902_172309-768x1024.jpg 768w, https:\/\/vasaorden.com\/boras\/wp-content\/uploads\/sites\/3\/2023\/09\/20230902_172309-1152x1536.jpg 1152w, https:\/\/vasaorden.com\/boras\/wp-content\/uploads\/sites\/3\/2023\/09\/20230902_172309-1536x2048.jpg 1536w\" sizes=\"(max-width: 1920px) 100vw, 1920px\" \/><\/figure>\n<\/figure>\n","protected":false},"excerpt":{"rendered":"<p>I str\u00e5lande solsken och h\u00e4rlig v\u00e4rm och mycket god mat trivdes vi p\u00e5 logens utflykt till \u00c5g\u00e5rden. Fotograferna H\u00e5kan och Charlotte dokumenterade dagen med detta bildgalleri.<\/p>\n","protected":false},"author":5,"featured_media":0,"parent":0,"menu_order":0,"comment_status":"closed","ping_status":"closed","template":"","meta":{"ngg_post_thumbnail":0,"ocean_post_layout":"","ocean_both_sidebars_style":"","ocean_both_sidebars_content_width":0,"ocean_both_sidebars_sidebars_width":0,"ocean_sidebar":"0","ocean_second_sidebar":"0","ocean_disable_margins":"enable","ocean_add_body_class":"","ocean_shortcode_before_top_bar":"","ocean_shortcode_after_top_bar":"","ocean_shortcode_before_header":"","ocean_shortcode_after_header":"","ocean_has_shortcode":"","ocean_shortcode_after_title":"","ocean_shortcode_before_footer_widgets":"","ocean_shortcode_after_footer_widgets":"","ocean_shortcode_before_footer_bottom":"","ocean_shortcode_after_footer_bottom":"","ocean_display_top_bar":"default","ocean_display_header":"default","ocean_header_style":"","ocean_center_header_left_menu":"0","ocean_custom_header_template":"0","ocean_custom_logo":0,"ocean_custom_retina_logo":0,"ocean_custom_logo_max_width":0,"ocean_custom_logo_tablet_max_width":0,"ocean_custom_logo_mobile_max_width":0,"ocean_custom_logo_max_height":0,"ocean_custom_logo_tablet_max_height":0,"ocean_custom_logo_mobile_max_height":0,"ocean_header_custom_menu":"0","ocean_menu_typo_font_family":"0","ocean_menu_typo_font_subset":"","ocean_menu_typo_font_size":0,"ocean_menu_typo_font_size_tablet":0,"ocean_menu_typo_font_size_mobile":0,"ocean_menu_typo_font_size_unit":"px","ocean_menu_typo_font_weight":"","ocean_menu_typo_font_weight_tablet":"","ocean_menu_typo_font_weight_mobile":"","ocean_menu_typo_transform":"","ocean_menu_typo_transform_tablet":"","ocean_menu_typo_transform_mobile":"","ocean_menu_typo_line_height":0,"ocean_menu_typo_line_height_tablet":0,"ocean_menu_typo_line_height_mobile":0,"ocean_menu_typo_line_height_unit":"","ocean_menu_typo_spacing":0,"ocean_menu_typo_spacing_tablet":0,"ocean_menu_typo_spacing_mobile":0,"ocean_menu_typo_spacing_unit":"","ocean_menu_link_color":"","ocean_menu_link_color_hover":"","ocean_menu_link_color_active":"","ocean_menu_link_background":"","ocean_menu_link_hover_background":"","ocean_menu_link_active_background":"","ocean_menu_social_links_bg":"","ocean_menu_social_hover_links_bg":"","ocean_menu_social_links_color":"","ocean_menu_social_hover_links_color":"","ocean_disable_title":"default","ocean_disable_heading":"default","ocean_post_title":"","ocean_post_subheading":"","ocean_post_title_style":"","ocean_post_title_background_color":"","ocean_post_title_background":0,"ocean_post_title_bg_image_position":"","ocean_post_title_bg_image_attachment":"","ocean_post_title_bg_image_repeat":"","ocean_post_title_bg_image_size":"","ocean_post_title_height":0,"ocean_post_title_bg_overlay":0.5,"ocean_post_title_bg_overlay_color":"","ocean_disable_breadcrumbs":"default","ocean_breadcrumbs_color":"","ocean_breadcrumbs_separator_color":"","ocean_breadcrumbs_links_color":"","ocean_breadcrumbs_links_hover_color":"","ocean_display_footer_widgets":"default","ocean_display_footer_bottom":"default","ocean_custom_footer_template":"0"},"_links":{"self":[{"href":"https:\/\/vasaorden.com\/boras\/wp-json\/wp\/v2\/pages\/2890"}],"collection":[{"href":"https:\/\/vasaorden.com\/boras\/wp-json\/wp\/v2\/pages"}],"about":[{"href":"https:\/\/vasaorden.com\/boras\/wp-json\/wp\/v2\/types\/page"}],"author":[{"embeddable":true,"href":"https:\/\/vasaorden.com\/boras\/wp-json\/wp\/v2\/users\/5"}],"replies":[{"embeddable":true,"href":"https:\/\/vasaorden.com\/boras\/wp-json\/wp\/v2\/comments?post=2890"}],"version-history":[{"count":10,"href":"https:\/\/vasaorden.com\/boras\/wp-json\/wp\/v2\/pages\/2890\/revisions"}],"predecessor-version":[{"id":2925,"href":"https:\/\/vasaorden.com\/boras\/wp-json\/wp\/v2\/pages\/2890\/revisions\/2925"}],"wp:attachment":[{"href":"https:\/\/vasaorden.com\/boras\/wp-json\/wp\/v2\/media?parent=2890"}],"curies":[{"name":"wp","href":"https:\/\/api.w.org\/{rel}","templated":true}]}}