{"id":2445,"date":"2020-03-07T13:50:11","date_gmt":"2020-03-07T11:50:11","guid":{"rendered":"http:\/\/bu2022.vasaorden.com\/boras\/?page_id=2445"},"modified":"2020-03-07T13:50:11","modified_gmt":"2020-03-07T11:50:11","slug":"utbildningmw","status":"publish","type":"page","link":"https:\/\/vasaorden.com\/boras\/arkiv\/utbildningmw\/","title":{"rendered":"Utbildning Karlstad"},"content":{"rendered":"<p><strong>Utbildningsdagar Karlstad 2020-03-07&#8211;08<\/strong><br \/>\n<a href=\"https:\/\/vasaorden.com\/boras\/wp-content\/uploads\/sites\/3\/2020\/03\/IMG_2576.jpg\"><img loading=\"lazy\" class=\"size-medium wp-image-2452 aligncenter\" src=\"https:\/\/vasaorden.com\/boras\/wp-content\/uploads\/sites\/3\/2020\/03\/IMG_2576-300x248.jpg\" alt=\"\" width=\"300\" height=\"248\" srcset=\"https:\/\/vasaorden.com\/boras\/wp-content\/uploads\/sites\/3\/2020\/03\/IMG_2576-300x248.jpg 300w, https:\/\/vasaorden.com\/boras\/wp-content\/uploads\/sites\/3\/2020\/03\/IMG_2576-1024x847.jpg 1024w, https:\/\/vasaorden.com\/boras\/wp-content\/uploads\/sites\/3\/2020\/03\/IMG_2576-768x635.jpg 768w, https:\/\/vasaorden.com\/boras\/wp-content\/uploads\/sites\/3\/2020\/03\/IMG_2576-1536x1270.jpg 1536w, https:\/\/vasaorden.com\/boras\/wp-content\/uploads\/sites\/3\/2020\/03\/IMG_2576-2048x1694.jpg 2048w\" sizes=\"(max-width: 300px) 100vw, 300px\" \/>Vy fr\u00e5n utbildningslokalen<\/a><a href=\"https:\/\/vasaorden.com\/boras\/wp-content\/uploads\/sites\/3\/2020\/03\/IMG_2580.jpg\"><img loading=\"lazy\" class=\"size-medium wp-image-2454 aligncenter\" src=\"https:\/\/vasaorden.com\/boras\/wp-content\/uploads\/sites\/3\/2020\/03\/IMG_2580-300x183.jpg\" alt=\"\" width=\"300\" height=\"183\" srcset=\"https:\/\/vasaorden.com\/boras\/wp-content\/uploads\/sites\/3\/2020\/03\/IMG_2580-300x183.jpg 300w, https:\/\/vasaorden.com\/boras\/wp-content\/uploads\/sites\/3\/2020\/03\/IMG_2580-1024x624.jpg 1024w, https:\/\/vasaorden.com\/boras\/wp-content\/uploads\/sites\/3\/2020\/03\/IMG_2580-768x468.jpg 768w, https:\/\/vasaorden.com\/boras\/wp-content\/uploads\/sites\/3\/2020\/03\/IMG_2580-1536x936.jpg 1536w, https:\/\/vasaorden.com\/boras\/wp-content\/uploads\/sites\/3\/2020\/03\/IMG_2580-2048x1248.jpg 2048w\" sizes=\"(max-width: 300px) 100vw, 300px\" \/><\/a><br \/>\n<a href=\"https:\/\/vasaorden.com\/boras\/wp-content\/uploads\/sites\/3\/2020\/03\/IMG_2580.jpg\">L\u00e4rare fr\u00e5n kurserna<\/a><br \/>\n&nbsp;<\/p>\n","protected":false},"excerpt":{"rendered":"<p>Utbildningsdagar Karlstad 2020-03-07&#8211;08 Vy fr\u00e5n utbildningslokalen L\u00e4rare fr\u00e5n kurserna &nbsp;<\/p>\n","protected":false},"author":4,"featured_media":0,"parent":1438,"menu_order":0,"comment_status":"closed","ping_status":"closed","template":"","meta":{"ngg_post_thumbnail":0,"ocean_post_layout":"","ocean_both_sidebars_style":"","ocean_both_sidebars_content_width":0,"ocean_both_sidebars_sidebars_width":0,"ocean_sidebar":"","ocean_second_sidebar":"","ocean_disable_margins":"enable","ocean_add_body_class":"","ocean_shortcode_before_top_bar":"","ocean_shortcode_after_top_bar":"","ocean_shortcode_before_header":"","ocean_shortcode_after_header":"","ocean_has_shortcode":"","ocean_shortcode_after_title":"","ocean_shortcode_before_footer_widgets":"","ocean_shortcode_after_footer_widgets":"","ocean_shortcode_before_footer_bottom":"","ocean_shortcode_after_footer_bottom":"","ocean_display_top_bar":"default","ocean_display_header":"default","ocean_header_style":"","ocean_center_header_left_menu":"","ocean_custom_header_template":"","ocean_custom_logo":0,"ocean_custom_retina_logo":0,"ocean_custom_logo_max_width":0,"ocean_custom_logo_tablet_max_width":0,"ocean_custom_logo_mobile_max_width":0,"ocean_custom_logo_max_height":0,"ocean_custom_logo_tablet_max_height":0,"ocean_custom_logo_mobile_max_height":0,"ocean_header_custom_menu":"","ocean_menu_typo_font_family":"","ocean_menu_typo_font_subset":"","ocean_menu_typo_font_size":0,"ocean_menu_typo_font_size_tablet":0,"ocean_menu_typo_font_size_mobile":0,"ocean_menu_typo_font_size_unit":"px","ocean_menu_typo_font_weight":"","ocean_menu_typo_font_weight_tablet":"","ocean_menu_typo_font_weight_mobile":"","ocean_menu_typo_transform":"","ocean_menu_typo_transform_tablet":"","ocean_menu_typo_transform_mobile":"","ocean_menu_typo_line_height":0,"ocean_menu_typo_line_height_tablet":0,"ocean_menu_typo_line_height_mobile":0,"ocean_menu_typo_line_height_unit":"","ocean_menu_typo_spacing":0,"ocean_menu_typo_spacing_tablet":0,"ocean_menu_typo_spacing_mobile":0,"ocean_menu_typo_spacing_unit":"","ocean_menu_link_color":"","ocean_menu_link_color_hover":"","ocean_menu_link_color_active":"","ocean_menu_link_background":"","ocean_menu_link_hover_background":"","ocean_menu_link_active_background":"","ocean_menu_social_links_bg":"","ocean_menu_social_hover_links_bg":"","ocean_menu_social_links_color":"","ocean_menu_social_hover_links_color":"","ocean_disable_title":"default","ocean_disable_heading":"default","ocean_post_title":"","ocean_post_subheading":"","ocean_post_title_style":"","ocean_post_title_background_color":"","ocean_post_title_background":0,"ocean_post_title_bg_image_position":"","ocean_post_title_bg_image_attachment":"","ocean_post_title_bg_image_repeat":"","ocean_post_title_bg_image_size":"","ocean_post_title_height":0,"ocean_post_title_bg_overlay":0.5,"ocean_post_title_bg_overlay_color":"","ocean_disable_breadcrumbs":"default","ocean_breadcrumbs_color":"","ocean_breadcrumbs_separator_color":"","ocean_breadcrumbs_links_color":"","ocean_breadcrumbs_links_hover_color":"","ocean_display_footer_widgets":"default","ocean_display_footer_bottom":"default","ocean_custom_footer_template":""},"_links":{"self":[{"href":"https:\/\/vasaorden.com\/boras\/wp-json\/wp\/v2\/pages\/2445"}],"collection":[{"href":"https:\/\/vasaorden.com\/boras\/wp-json\/wp\/v2\/pages"}],"about":[{"href":"https:\/\/vasaorden.com\/boras\/wp-json\/wp\/v2\/types\/page"}],"author":[{"embeddable":true,"href":"https:\/\/vasaorden.com\/boras\/wp-json\/wp\/v2\/users\/4"}],"replies":[{"embeddable":true,"href":"https:\/\/vasaorden.com\/boras\/wp-json\/wp\/v2\/comments?post=2445"}],"version-history":[{"count":0,"href":"https:\/\/vasaorden.com\/boras\/wp-json\/wp\/v2\/pages\/2445\/revisions"}],"up":[{"embeddable":true,"href":"https:\/\/vasaorden.com\/boras\/wp-json\/wp\/v2\/pages\/1438"}],"wp:attachment":[{"href":"https:\/\/vasaorden.com\/boras\/wp-json\/wp\/v2\/media?parent=2445"}],"curies":[{"name":"wp","href":"https:\/\/api.w.org\/{rel}","templated":true}]}}