{"id":15,"date":"2012-02-13T20:37:32","date_gmt":"2012-02-13T20:37:32","guid":{"rendered":"http:\/\/bu2022.vasaorden.com\/boras\/?page_id=15"},"modified":"2012-02-13T20:37:32","modified_gmt":"2012-02-13T20:37:32","slug":"historik","status":"publish","type":"page","link":"https:\/\/vasaorden.com\/boras\/historik\/","title":{"rendered":"Historik"},"content":{"rendered":"<p><strong>Historik<\/strong><br \/>\n<strong>Det stod en liten annons i Bor\u00e5s Tidning<\/strong> i februari 1989. En lokalloge av Vasa Orden skulle bildas i Bor\u00e5s. Initiativet fanns hos logen Str\u00f6mkarlen i Trollh\u00e4ttan. Id\u00e9n kom fr\u00e5n Judith Lundskog, som hade Bor\u00e5sanknytning.<br \/>\n\u2019Str\u00f6mkarlarna\u2019 hade hyrt ett litet studierum h\u00f6gst upp i Folkets Hus. D\u00e4r samlades alla intresserade. Vi tr\u00e4ngdes i trappan och fick s\u00e5 sm\u00e5ningom information om Vasa Orden av Amerika av Vasabr\u00f6derna Lars Ros\u00e9n, Arne Larsson och Sven Trollvik. Vi antecknade oss p\u00e5 intresselista och deltog i n\u00e5gra sammankomster, bl.a. en g\u00e4stloge i Trollh\u00e4ttan. P\u00e5 ett upptaktsm\u00f6te i Annelundsvillan i april satt vi i sm\u00e5grupper och diskuterade namnet p\u00e5 v\u00e5r blivande loge. Omr\u00f6stningen stod mellan \u2019V\u00e4varen\u2019 och \u2019Knallen\u2019. En beg\u00e4ran st\u00e4lld till DM om bildande av en loge i Bor\u00e5s undertecknades. Den blivande logens namn skulle vara \u2019KNALLEN\u2019. Sedan skulle en interimsstyrelse bildas och \u00c5ke Swahn, som varit kontaktperson, blev ordf\u00f6rande. Men sedan var det sv\u00e5rt, f\u00f6r vi k\u00e4nde knappast varandra, men vi k\u00e4nde att Lars Ros\u00e9n fr\u00e5n Logen Str\u00f6mkarlen h\u00f6ll i tr\u00e5darna.<br \/>\nVi hade en trevlig tr\u00e4ff p\u00e5 Ymerstugan i september, det f\u00f6rsta egna arrangemanget. D\u00e5 hade vi m\u00e5nga g\u00e4ster fr\u00e5n v\u00e5r blivande fadderloge. Vid det mycket h\u00f6gtidliga instiftandet av Logen Knallen nr 745 av Vasa Orden av Amerika den 28 oktober 1989 hedrades vi med n\u00e4rvaro av honoratiores fr\u00e5n n\u00e4r och fj\u00e4rran, 150 personer deltog. Den nyinstiftade Logen Knallen blev f\u00f6rem\u00e5l f\u00f6r m\u00e5nga v\u00e4nliga och varma ord och logen fick m\u00e5nga g\u00e5vor. Banketten var festlig med m\u00e5nga tal, som pr\u00e4glades av v\u00e4nlighet och generositet, Vi k\u00e4nde oss v\u00e4lkomna i ordenss\u00e4llskapet. I nov. 1989 hade vi \u00e4ran att som delarrang\u00f6rer ordna och deltaga i distriktets kurs f\u00f6r utbildning av tj\u00e4nstem\u00e4n, som h\u00f6lls p\u00e5 hotell Scandic.<br \/>\nLogen Knallen startade med 48 vasasyskon-chartermedlemmar. Logen har haft logem\u00f6ten, studiecirklar, trivseltr\u00e4ffar, utflykter, opera- och teaterbes\u00f6k, knytkalas och frukostm\u00f6ten. Judith Lundskog var v\u00e5r hedersmedlem under tiden 1991-1999. 2014 fick logen tv\u00e5 nya hedersmedlemmar; \u00c5ke Swahn och Nancy Kindblad. Logem\u00f6tena har h\u00e5llits p\u00e5 Annelundsvillan och p\u00e5 Immigrantinstitutet. Sedan 1997 har logen hyrt in sig i Odd Fellow-lokalen.<\/p>\n<table style=\"height: 326px\" width=\"691\">\n<tbody>\n<tr>\n<td width=\"160\"><a href=\"https:\/\/vasaorden.com\/boras\/wp-content\/uploads\/sites\/3\/2019\/03\/Knallestaty.jpg\"><img loading=\"lazy\" class=\"wp-image-2320 aligncenter\" src=\"https:\/\/vasaorden.com\/boras\/wp-content\/uploads\/sites\/3\/2019\/03\/Knallestaty-227x300.jpg\" alt=\"\" width=\"221\" height=\"291\" \/><\/a><\/td>\n<td width=\"444\">\n<p style=\"text-align: left;padding-left: 30px\">Kontakt Amerika \u00e4r viktigt f\u00f6r logesyskonen. S\u00e5 gott som vid varje logem\u00f6te har h\u00e4lsningar fr\u00e5n USA framf\u00f6rts. Logen har g\u00e4stats av m\u00e5nga vasasyskon. Flera medlemmar har ocks\u00e5 bes\u00f6kt loger i Amerika. N\u00e5gra medlemmar har brevv\u00e4xlat med Knallens V\u00e4nloge Diana Birger Jarl i New Haven, Connecticut. Logen Diana Birger Jarl har haft studiecirklar, d\u00e4r vi tidigare har kunnat bidra med studiematerial. N\u00e5gra syskon fr\u00e5n Logen Knallen har ocks\u00e5 bes\u00f6kt Logen Diana Birger Jarl.<br \/>\nKontakterna med v\u00e5r Distriktsloge DL 19 har varit goda och givande och vi har varje \u00e5r deltagit i Distriktsm\u00f6tena. Logen Knallen arrangerade Distriktsm\u00f6tet 2015, som h\u00f6lls p\u00e5 Grand Hotell i Bor\u00e5s.<\/p>\n<\/td>\n<\/tr>\n<\/tbody>\n<\/table>\n<p>V\u00e5ra tidigare ungdomsmedlemmar har deltagit i distriktets d\u00e5varande ungdomsverksamhet, exempelvis cykelturer och kanothajk. Logen har vid n\u00e5gra tillf\u00e4llen ocks\u00e5 deltagit i gemensamhetsloger med n\u00e4rliggande loger.<br \/>\nNationaldagen blev s\u00e4rskilt h\u00f6gtidlig \u00e5r 1994 d\u00e5 representanter f\u00f6r Logen Knallen fick motta en fana ur H M Konungens hand p\u00e5 plats i V\u00e4nersborg, vilket ocks\u00e5 uppm\u00e4rksammades i Bor\u00e5s Tidning. Senare p\u00e5 dagen deltog logen i fanparaden och Nationaldagsfirandet i Bor\u00e5s. Logen har som tradition att varje \u00e5r delta i Nationaldagsfirandet och d\u00e4refter umg\u00e5s logesyskonen tillsammans i en kaffestund. 1996 firade Vasa Orden av Amerika sitt 100-\u00e5rsjubileum. Tv\u00e5 logesyskon fr\u00e5n Logen Knallen deltog i jubileumsresan till svenskbygderna i Mellan-V\u00e4stern med firandet i Bishop Hill som h\u00f6jdpunkt. Firandet kulminerade vid \u00c5SA-dagarna p\u00e5 Skansen samma \u00e5r d\u00e5 16 logesyskon deltog.<br \/>\nSl\u00e4ktforskarf\u00f6reningen inbjuder varje \u00e5r till en lokalhistorisk dag i Bor\u00e5s, d\u00e5 Logen Knallen st\u00e4ller upp n\u00e4r det \u00e4r m\u00f6jligt f\u00f6r att informera om Ordens och Logens verksamhet.<br \/>\n26 oktober 2019 firade Logen Knallen sitt 30-\u00e5rs jubileum. Logen hade 101 medlemmar den 1 januari 2020 och v\u00e4nskapen mellan medlemmarna har vuxit, mycket tack vare ett varierat kulturprogram samt genom s\u00e4rskilt sammansatta arrang\u00f6rsgrupper inf\u00f6r varje efterkapitel, d\u00e4r alla medlemmar deltar efter sin f\u00f6rm\u00e5ga. Vi hoppas kunna forts\u00e4tta p\u00e5 samma s\u00e4tt i m\u00e5nga \u00e5r.<br \/>\n&nbsp;<br \/>\nKulturledaren\u00a0 \u00a0\u00a0\u00a0\u00a0 sidan uppdaterad 2020-01-30<\/p>\n","protected":false},"excerpt":{"rendered":"<p>Historik Det stod en liten annons i Bor\u00e5s Tidning i februari 1989. En lokalloge av Vasa Orden skulle bildas i Bor\u00e5s. Initiativet fanns hos logen Str\u00f6mkarlen i Trollh\u00e4ttan. Id\u00e9n kom fr\u00e5n Judith Lundskog, som hade Bor\u00e5sanknytning. \u2019Str\u00f6mkarlarna\u2019 hade hyrt ett litet studierum h\u00f6gst upp i Folkets Hus. D\u00e4r samlades alla intresserade. Vi tr\u00e4ngdes i trappan [&hellip;]<\/p>\n","protected":false},"author":6,"featured_media":0,"parent":0,"menu_order":0,"comment_status":"closed","ping_status":"closed","template":"","meta":{"ngg_post_thumbnail":0,"ocean_post_layout":"","ocean_both_sidebars_style":"","ocean_both_sidebars_content_width":0,"ocean_both_sidebars_sidebars_width":0,"ocean_sidebar":"","ocean_second_sidebar":"","ocean_disable_margins":"enable","ocean_add_body_class":"","ocean_shortcode_before_top_bar":"","ocean_shortcode_after_top_bar":"","ocean_shortcode_before_header":"","ocean_shortcode_after_header":"","ocean_has_shortcode":"","ocean_shortcode_after_title":"","ocean_shortcode_before_footer_widgets":"","ocean_shortcode_after_footer_widgets":"","ocean_shortcode_before_footer_bottom":"","ocean_shortcode_after_footer_bottom":"","ocean_display_top_bar":"default","ocean_display_header":"default","ocean_header_style":"","ocean_center_header_left_menu":"","ocean_custom_header_template":"","ocean_custom_logo":0,"ocean_custom_retina_logo":0,"ocean_custom_logo_max_width":0,"ocean_custom_logo_tablet_max_width":0,"ocean_custom_logo_mobile_max_width":0,"ocean_custom_logo_max_height":0,"ocean_custom_logo_tablet_max_height":0,"ocean_custom_logo_mobile_max_height":0,"ocean_header_custom_menu":"","ocean_menu_typo_font_family":"","ocean_menu_typo_font_subset":"","ocean_menu_typo_font_size":0,"ocean_menu_typo_font_size_tablet":0,"ocean_menu_typo_font_size_mobile":0,"ocean_menu_typo_font_size_unit":"px","ocean_menu_typo_font_weight":"","ocean_menu_typo_font_weight_tablet":"","ocean_menu_typo_font_weight_mobile":"","ocean_menu_typo_transform":"","ocean_menu_typo_transform_tablet":"","ocean_menu_typo_transform_mobile":"","ocean_menu_typo_line_height":0,"ocean_menu_typo_line_height_tablet":0,"ocean_menu_typo_line_height_mobile":0,"ocean_menu_typo_line_height_unit":"","ocean_menu_typo_spacing":0,"ocean_menu_typo_spacing_tablet":0,"ocean_menu_typo_spacing_mobile":0,"ocean_menu_typo_spacing_unit":"","ocean_menu_link_color":"","ocean_menu_link_color_hover":"","ocean_menu_link_color_active":"","ocean_menu_link_background":"","ocean_menu_link_hover_background":"","ocean_menu_link_active_background":"","ocean_menu_social_links_bg":"","ocean_menu_social_hover_links_bg":"","ocean_menu_social_links_color":"","ocean_menu_social_hover_links_color":"","ocean_disable_title":"default","ocean_disable_heading":"default","ocean_post_title":"","ocean_post_subheading":"","ocean_post_title_style":"","ocean_post_title_background_color":"","ocean_post_title_background":0,"ocean_post_title_bg_image_position":"","ocean_post_title_bg_image_attachment":"","ocean_post_title_bg_image_repeat":"","ocean_post_title_bg_image_size":"","ocean_post_title_height":0,"ocean_post_title_bg_overlay":0.5,"ocean_post_title_bg_overlay_color":"","ocean_disable_breadcrumbs":"default","ocean_breadcrumbs_color":"","ocean_breadcrumbs_separator_color":"","ocean_breadcrumbs_links_color":"","ocean_breadcrumbs_links_hover_color":"","ocean_display_footer_widgets":"default","ocean_display_footer_bottom":"default","ocean_custom_footer_template":""},"_links":{"self":[{"href":"https:\/\/vasaorden.com\/boras\/wp-json\/wp\/v2\/pages\/15"}],"collection":[{"href":"https:\/\/vasaorden.com\/boras\/wp-json\/wp\/v2\/pages"}],"about":[{"href":"https:\/\/vasaorden.com\/boras\/wp-json\/wp\/v2\/types\/page"}],"author":[{"embeddable":true,"href":"https:\/\/vasaorden.com\/boras\/wp-json\/wp\/v2\/users\/6"}],"replies":[{"embeddable":true,"href":"https:\/\/vasaorden.com\/boras\/wp-json\/wp\/v2\/comments?post=15"}],"version-history":[{"count":0,"href":"https:\/\/vasaorden.com\/boras\/wp-json\/wp\/v2\/pages\/15\/revisions"}],"wp:attachment":[{"href":"https:\/\/vasaorden.com\/boras\/wp-json\/wp\/v2\/media?parent=15"}],"curies":[{"name":"wp","href":"https:\/\/api.w.org\/{rel}","templated":true}]}}